{"id":609,"date":"2023-10-12T13:25:30","date_gmt":"2023-10-12T11:25:30","guid":{"rendered":"https:\/\/e-stores.pl\/?page_id=609"},"modified":"2023-10-20T15:43:48","modified_gmt":"2023-10-20T13:43:48","slug":"branze","status":"publish","type":"page","link":"https:\/\/e-stores.pl\/en\/branze\/","title":{"rendered":"Industries"},"content":{"rendered":"<p><\/p>\n<div class=\"branza\">\n<div class=\"pic\"><img decoding=\"async\" src=\"\/wp-content\/uploads\/2023\/10\/e-stores-icon-suplementy.jpg\" alt=\"Suplementy i produkty spo\u017cywcze\" \/><\/div>\n<div class=\"text\">\n<h2>Dietary Supplements and Food Products<\/h2>\n<p>Storing dietary supplements and food products often requires adjusting the conditions in warehouses, such as humidity levels and temperature. In our facilities, we ensure not only comprehensive order handling but also the proper adjustment of other aspects necessary for the correct storage of these products. We implement the HACCP system, and we are constantly supervised by SANEPID.<\/p>\n<div class=\"more\"><a href=\"\/en\/branze\/suplementy-diety\/\">Read more<\/a><\/div>\n<\/div>\n<\/div>\n<div class=\"branza\">\n<div class=\"pic\"><img decoding=\"async\" src=\"\/wp-content\/uploads\/2023\/10\/e-stores-icon-kosmetyki.jpg\" alt=\"Kosmetyki\" \/><\/div>\n<div class=\"text\">\n<h2>Cosmetics<\/h2>\n<p>Efficient cosmetics storage requires meeting several crucial conditions, with ensuring the right climatic conditions in warehouses being just one of them. That&#8217;s why in our company, we guarantee packaging all products according to your needs and offer comprehensive services related to order fulfillment. Importantly, we provide batch number control, expiration dates, and orderly product issuance.<\/p>\n<div class=\"more\"><a href=\"\/en\/branze\/kosmetyki\/\">Read more<\/a><\/div>\n<\/div>\n<\/div>\n<div class=\"branza\">\n<div class=\"pic\"><img decoding=\"async\" src=\"\/wp-content\/uploads\/2023\/10\/e-stores-icon-produkty-medyczne.jpg\" alt=\"Produkty medyczne\" \/><\/div>\n<div class=\"text\">\n<h2>Medical Products<\/h2>\n<p>When storing medical products, maintaining the highest quality standards and control over temperature, humidity, and cleanliness in the facilities is crucial. In our company, we also monitor the expiration dates and batch numbers of all medical products, ensuring that the goods ordered by your customers reach them in the proper condition and as per their orders.<\/p>\n<div class=\"more\"><a href=\"\/en\/branze\/produkty-medyczne\/\">Read more<\/a><\/div>\n<\/div>\n<\/div>\n<div class=\"branza\">\n<div class=\"pic\"><img decoding=\"async\" src=\"\/wp-content\/uploads\/2023\/10\/e-stores-icon-odziez.jpg\" alt=\"Odzie\u017c\" \/><\/div>\n<div class=\"text\">\n<h2>Apparel<\/h2>\n<p>The apparel industry requires comprehensive services, including proper clothing storage, handling and verifying returns, order assembly, customized packaging, and prompt delivery to the specified location. In our company, we are happy to handle all of this for you and tailor our services to your needs, allowing you to fully focus on more crucial aspects of your business development.<\/p>\n<div class=\"more\"><a href=\"\/en\/branze\/odziez\/\">Read more<\/a><\/div>\n<\/div>\n<\/div>\n<div class=\"branza\">\n<div class=\"pic\"><img decoding=\"async\" src=\"\/wp-content\/uploads\/2023\/10\/e-stores-icon-elektronika.jpg\" alt=\"Elektronika\" \/><\/div>\n<div class=\"text\">\n<h2>Electronics<\/h2>\n<p>At e-Stores, we ensure that the entrusted electronics are entirely safe not only during their storage in our warehouses but also during their delivery to customers. We properly package all products, secure them against damage, and automatically dispatch them according to orders, so you don&#8217;t have to worry about anything.<\/p>\n<div class=\"more\"><a href=\"\/en\/branze\/elektronika\/\">Read more<\/a><\/div>\n<\/div>\n<\/div>\n<div class=\"branza\">\n<div class=\"pic\"><img decoding=\"async\" src=\"\/wp-content\/uploads\/2023\/10\/e-stores-icon-zabawki.jpg\" alt=\"Zabawki i artyku\u0142y dzieci\u0119ce\" \/><\/div>\n<div class=\"text\">\n<h2>Toys and Children&#8217;s Products<\/h2>\n<p>If you operate an online store with various toys and children&#8217;s items that is rapidly expanding, take advantage of our warehousing and logistics services. In our company, we provide not only flexible adaptation to your needs but also an easy possibility of making changes in our future collaboration.<\/p>\n<div class=\"more\"><a href=\"\/en\/branze\/zabawki\/\">Read more<\/a><\/div>\n<\/div>\n<\/div>\n<div class=\"branza\">\n<div class=\"pic\"><img decoding=\"async\" src=\"\/wp-content\/uploads\/2023\/10\/e-stores-icon-ksiazki.jpg\" alt=\"Ksi\u0105\u017cki i materia\u0142y dla drukarni\" \/><\/div>\n<div class=\"text\">\n<h2>Books and Printing Materials<\/h2>\n<p>By using our warehousing and logistics services designed for online bookstores, printing companies, or publishers, you can save a significant amount. In our company, we provide facilities with ideal conditions for storing books, paper, or various packaging materials, and we carefully package all products. We also ensure efficient fulfillment of both small and very large orders.<\/p>\n<div class=\"more\"><a href=\"\/en\/branze\/ksiazki\/\">Read more<\/a><\/div>\n<\/div>\n<\/div>\n<div class=\"branza_none\">\n<div class=\"text\">\n<h3>Didn&#8217;t find your industry?<\/h3>\n<p style=\"text-align:center;\">Do you sell pet supplies? Or perhaps you&#8217;re struggling with tool shipping or running a sports accessories store? Our warehouses, infrastructure, and equipment are adapted to serve nearly every industry.<\/p>\n<p><a href=\"\/en\/kontakt\/\">Contact us<\/a><\/p>\n<\/div>\n<\/div>\n<p><\/p>","protected":false},"excerpt":{"rendered":"<p>Dietary Supplements and Food Products Storing dietary supplements and food products often requires adjusting the conditions in warehouses, such as humidity levels and temperature. In our facilities, we ensure not only comprehensive order handling but also the proper adjustment of other aspects necessary for the correct storage of these products. We implement the HACCP system, and we are constantly supervised by SANEPID. Read more Cosmetics Efficient cosmetics storage requires meeting several crucial conditions, with ensuring the right climatic conditions in warehouses being just one of them. That&#8217;s why in our company, we guarantee packaging all products according to your needs [&hellip;]<\/p>\n","protected":false},"author":2,"featured_media":453,"parent":0,"menu_order":0,"comment_status":"closed","ping_status":"closed","template":"","meta":{"_acf_changed":false,"footnotes":""},"class_list":["post-609","page","type-page","status-publish","has-post-thumbnail","hentry"],"acf":[],"_links":{"self":[{"href":"https:\/\/e-stores.pl\/en\/wp-json\/wp\/v2\/pages\/609","targetHints":{"allow":["GET"]}}],"collection":[{"href":"https:\/\/e-stores.pl\/en\/wp-json\/wp\/v2\/pages"}],"about":[{"href":"https:\/\/e-stores.pl\/en\/wp-json\/wp\/v2\/types\/page"}],"author":[{"embeddable":true,"href":"https:\/\/e-stores.pl\/en\/wp-json\/wp\/v2\/users\/2"}],"replies":[{"embeddable":true,"href":"https:\/\/e-stores.pl\/en\/wp-json\/wp\/v2\/comments?post=609"}],"version-history":[{"count":13,"href":"https:\/\/e-stores.pl\/en\/wp-json\/wp\/v2\/pages\/609\/revisions"}],"predecessor-version":[{"id":714,"href":"https:\/\/e-stores.pl\/en\/wp-json\/wp\/v2\/pages\/609\/revisions\/714"}],"wp:featuredmedia":[{"embeddable":true,"href":"https:\/\/e-stores.pl\/en\/wp-json\/wp\/v2\/media\/453"}],"wp:attachment":[{"href":"https:\/\/e-stores.pl\/en\/wp-json\/wp\/v2\/media?parent=609"}],"curies":[{"name":"wp","href":"https:\/\/api.w.org\/{rel}","templated":true}]}}