{"id":81,"date":"2022-12-28T12:32:09","date_gmt":"2022-12-28T11:32:09","guid":{"rendered":"https:\/\/e-stores.pl\/?page_id=81"},"modified":"2023-06-19T16:30:06","modified_gmt":"2023-06-19T14:30:06","slug":"logistyka-kontraktowa","status":"publish","type":"page","link":"https:\/\/e-stores.pl\/de\/oferta\/logistyka-kontraktowa\/","title":{"rendered":"VERTRAGSLOGISTIK"},"content":{"rendered":"<style>#kt-layout-id_e885f6-94 > .kt-row-column-wrap{align-content:start;}:where(#kt-layout-id_e885f6-94 > .kt-row-column-wrap) > .wp-block-kadence-column{justify-content:start;}#kt-layout-id_e885f6-94 > .kt-row-column-wrap{column-gap:var(--global-kb-gap-md, 2rem);row-gap:var(--global-kb-gap-md, 2rem);padding-top:var( --global-kb-row-default-top, 25px );padding-bottom:var( --global-kb-row-default-bottom, 25px );padding-top:var(--global-kb-spacing-sm, 1.5rem);padding-bottom:var(--global-kb-spacing-sm, 1.5rem);grid-template-columns:repeat(2, minmax(0, 1fr));}#kt-layout-id_e885f6-94 > .kt-row-layout-overlay{opacity:0.30;}@media all and (max-width: 1024px){#kt-layout-id_e885f6-94 > .kt-row-column-wrap{grid-template-columns:repeat(2, minmax(0, 1fr));}}@media all and (max-width: 767px){#kt-layout-id_e885f6-94 > .kt-row-column-wrap{grid-template-columns:minmax(0, 1fr);}}<\/style>\r\n<div class=\"wp-block-kadence-rowlayout alignnone\">\r\n<div id=\"kt-layout-id_e885f6-94\" class=\"kt-row-layout-inner kt-layout-id_e885f6-94\">\r\n<div class=\"kt-row-column-wrap kt-has-2-columns kt-gutter-default kt-v-gutter-default kt-row-valign-top kt-row-layout-equal kt-tab-layout-inherit kt-m-colapse-left-to-right kt-mobile-layout-row\"><style>.kadence-column_29ff3e-4a > .kt-inside-inner-col{border-top-width:0px;border-right-width:0px;border-bottom-width:0px;border-left-width:0px;}.kadence-column_29ff3e-4a > .kt-inside-inner-col,.kadence-column_29ff3e-4a > .kt-inside-inner-col:before{border-top-left-radius:0px;border-top-right-radius:0px;border-bottom-right-radius:0px;border-bottom-left-radius:0px;}.kadence-column_29ff3e-4a > .kt-inside-inner-col{column-gap:var(--global-kb-gap-sm, 1rem);}.kadence-column_29ff3e-4a > .kt-inside-inner-col{flex-direction:column;}.kadence-column_29ff3e-4a > .kt-inside-inner-col > .aligncenter{width:100%;}.kadence-column_29ff3e-4a > .kt-inside-inner-col:before{opacity:0.3;}.kadence-column_29ff3e-4a{position:relative;}@media all and (max-width: 1024px){.kadence-column_29ff3e-4a > .kt-inside-inner-col{flex-direction:column;}}@media all and (max-width: 767px){.kadence-column_29ff3e-4a > .kt-inside-inner-col{flex-direction:column;}}<\/style>\r\n<div class=\"wp-block-kadence-column inner-column-1 kadence-column_29ff3e-4a\">\r\n<div class=\"kt-inside-inner-col\">\r\n<figure class=\"wp-block-image size-full\"><img loading=\"lazy\" decoding=\"async\" width=\"680\" height=\"504\" class=\"wp-image-96\" src=\"https:\/\/e-stores.pl\/wp-content\/uploads\/2022\/12\/outsorcing_1-min-min-1.jpg\" alt=\"Logistyka kontraktowa \" \/><\/figure>\r\n\r\n\r\n\r\n<figure class=\"wp-block-image size-full\"><img loading=\"lazy\" decoding=\"async\" width=\"680\" height=\"504\" class=\"wp-image-93\" src=\"https:\/\/e-stores.pl\/wp-content\/uploads\/2022\/12\/outsorcing_2-min-1.jpg\" alt=\"wysy\u0142ka przesy\u0142ek\" \/><\/figure>\r\n<\/div>\r\n<\/div>\r\n\r\n\r\n<style>.kadence-column_cf385d-fe > .kt-inside-inner-col{border-top-width:0px;border-right-width:0px;border-bottom-width:0px;border-left-width:0px;}.kadence-column_cf385d-fe > .kt-inside-inner-col,.kadence-column_cf385d-fe > .kt-inside-inner-col:before{border-top-left-radius:0px;border-top-right-radius:0px;border-bottom-right-radius:0px;border-bottom-left-radius:0px;}.kadence-column_cf385d-fe > .kt-inside-inner-col{column-gap:var(--global-kb-gap-sm, 1rem);}.kadence-column_cf385d-fe > .kt-inside-inner-col{flex-direction:column;}.kadence-column_cf385d-fe > .kt-inside-inner-col > .aligncenter{width:100%;}.kadence-column_cf385d-fe > .kt-inside-inner-col:before{opacity:0.3;}.kadence-column_cf385d-fe{position:relative;}@media all and (max-width: 1024px){.kadence-column_cf385d-fe > .kt-inside-inner-col{flex-direction:column;}}@media all and (max-width: 767px){.kadence-column_cf385d-fe > .kt-inside-inner-col{flex-direction:column;}}<\/style>\r\n<div class=\"wp-block-kadence-column inner-column-2 kadence-column_cf385d-fe\">\r\n<div class=\"kt-inside-inner-col\">\r\n<p>Die von e-Stores angebotene\u00a0<strong>Vertragslogistik<\/strong>\u00a0ist eine Dienstleistung, die in der umfassenden Verwaltung des Lagerbetriebs eines Kunden besteht, der sich f\u00fcr die Auslagerung von Logistikprozessen entscheidet. Unsere innovativen Tools und h\u00f6chsten Qualit\u00e4tsstandards machen uns zum perfekten Partner, wenn es um den Aufbau und die Aufrechterhaltung einer effizienten Lieferkette geht.<\/p>\r\n<p>&nbsp;<\/p>\r\n<p>Im Rahmen der Vertragslogistik bieten wir unter anderem folgende Dienstleistungen an:<\/p>\r\n<ul>\r\n<li>Lagerung von Waren in Paletten- oder Fachbodenregalen,<\/li>\r\n<li>Dekonsolidierung von Containern, Entladung von Waren und Palettierung,<\/li>\r\n<li>Konfektionierung und Sortierung von Waren,<\/li>\r\n<li>Qualit\u00e4tskontrolle, Bestandsaufnahme und Berichterstattung,<\/li>\r\n<li>Handhabung und Verwaltung von R\u00fccksendeverpackungen.<\/li>\r\n<\/ul>\r\n<p>&nbsp;<\/p>\r\n<p>Auf Wunsch \u00fcbernehmen wir auch zus\u00e4tzliche Dienstleistungen \u2013 Etikettierung, Folierung, Erstellung von Werbekits. Wir f\u00fchren alle Prozesse mit modernster\u00a0<strong>WMS-Software durch, einem Lagerinformationssystem<\/strong>, das wir mit dem System des Kunden integrieren.<\/p>\r\n<p>&nbsp;<\/p>\r\n<p>&nbsp;<\/p>\r\n<h2>Vorteile der Vertragslogistik<\/h2>\r\n<p>Ein Unternehmen, das Vertragslogistik nutzt, konzentriert sich ganz auf die Gesch\u00e4ftsentwicklung. Auf Marketingaktivit\u00e4ten, Erweiterung des Kundenstamms, Einf\u00fchrung von Innovationen und Verbesserung der Qualit\u00e4t der angebotenen Produkte. Die Vertragslogistik ist deswegen eine ausgezeichnete Option sowohl f\u00fcr kleine Unternehmen, die nicht eigene Lager und Logistikabteilungen haben, als auch f\u00fcr gr\u00f6\u00dfere Unternehmen, die sich auf einem schnellen Wachstumspfad befinden. Jeder, der an der Nutzung der Dienste von e-Stores interessiert ist, kann sich mit uns in Verbindung setzen.<\/p>\r\n<\/div>\r\n<\/div>\r\n<\/div>\r\n<\/div>\r\n<\/div>","protected":false},"excerpt":{"rendered":"<p>Die von e-Stores angebotene\u00a0Vertragslogistik\u00a0ist eine Dienstleistung, die in der umfassenden Verwaltung des Lagerbetriebs eines Kunden besteht, der sich f\u00fcr die Auslagerung von Logistikprozessen entscheidet. Unsere innovativen Tools und h\u00f6chsten Qualit\u00e4tsstandards machen uns zum perfekten Partner, wenn es um den Aufbau und die Aufrechterhaltung einer effizienten Lieferkette geht. &nbsp; Im Rahmen der Vertragslogistik bieten wir unter anderem folgende Dienstleistungen an: Lagerung von Waren in Paletten- oder Fachbodenregalen, Dekonsolidierung von Containern, Entladung von Waren und Palettierung, Konfektionierung und Sortierung von Waren, Qualit\u00e4tskontrolle, Bestandsaufnahme und Berichterstattung, Handhabung und Verwaltung von R\u00fccksendeverpackungen. &nbsp; Auf Wunsch \u00fcbernehmen wir auch zus\u00e4tzliche Dienstleistungen \u2013 Etikettierung, Folierung, Erstellung [&hellip;]<\/p>\n","protected":false},"author":1,"featured_media":124,"parent":108,"menu_order":0,"comment_status":"closed","ping_status":"closed","template":"","meta":{"_acf_changed":false,"footnotes":""},"class_list":["post-81","page","type-page","status-publish","has-post-thumbnail","hentry"],"acf":[],"_links":{"self":[{"href":"https:\/\/e-stores.pl\/de\/wp-json\/wp\/v2\/pages\/81","targetHints":{"allow":["GET"]}}],"collection":[{"href":"https:\/\/e-stores.pl\/de\/wp-json\/wp\/v2\/pages"}],"about":[{"href":"https:\/\/e-stores.pl\/de\/wp-json\/wp\/v2\/types\/page"}],"author":[{"embeddable":true,"href":"https:\/\/e-stores.pl\/de\/wp-json\/wp\/v2\/users\/1"}],"replies":[{"embeddable":true,"href":"https:\/\/e-stores.pl\/de\/wp-json\/wp\/v2\/comments?post=81"}],"version-history":[{"count":12,"href":"https:\/\/e-stores.pl\/de\/wp-json\/wp\/v2\/pages\/81\/revisions"}],"predecessor-version":[{"id":551,"href":"https:\/\/e-stores.pl\/de\/wp-json\/wp\/v2\/pages\/81\/revisions\/551"}],"up":[{"embeddable":true,"href":"https:\/\/e-stores.pl\/de\/wp-json\/wp\/v2\/pages\/108"}],"wp:featuredmedia":[{"embeddable":true,"href":"https:\/\/e-stores.pl\/de\/wp-json\/wp\/v2\/media\/124"}],"wp:attachment":[{"href":"https:\/\/e-stores.pl\/de\/wp-json\/wp\/v2\/media?parent=81"}],"curies":[{"name":"wp","href":"https:\/\/api.w.org\/{rel}","templated":true}]}}