{"id":780,"date":"2025-01-08T14:12:48","date_gmt":"2025-01-08T13:12:48","guid":{"rendered":"https:\/\/e-stores.pl\/?page_id=780"},"modified":"2025-01-10T11:24:15","modified_gmt":"2025-01-10T10:24:15","slug":"automotive","status":"publish","type":"page","link":"https:\/\/e-stores.pl\/de\/automotive\/","title":{"rendered":"Automotive"},"content":{"rendered":"<style>.kb-row-layout-id780_4a9a3f-50 > .kt-row-column-wrap{align-content:start;}:where(.kb-row-layout-id780_4a9a3f-50 > .kt-row-column-wrap) > .wp-block-kadence-column{justify-content:start;}.kb-row-layout-id780_4a9a3f-50 > .kt-row-column-wrap{column-gap:var(--global-kb-gap-lg, 4rem);row-gap:var(--global-kb-gap-md, 2rem);padding-top:var(--global-kb-spacing-sm, 1.5rem);padding-bottom:var(--global-kb-spacing-sm, 1.5rem);grid-template-columns:minmax(0, calc(65% - ((var(--global-kb-gap-lg, 4rem) * 1 )\/2)))minmax(0, calc(35% - ((var(--global-kb-gap-lg, 4rem) * 1 )\/2)));}.kb-row-layout-id780_4a9a3f-50 > .kt-row-layout-overlay{opacity:0.30;}@media all and (max-width: 1024px){.kb-row-layout-id780_4a9a3f-50 > .kt-row-column-wrap{grid-template-columns:repeat(2, minmax(0, 1fr));}}@media all and (max-width: 767px){.kb-row-layout-id780_4a9a3f-50 > .kt-row-column-wrap{grid-template-columns:minmax(0, 1fr);}}<\/style><div class=\"kb-row-layout-wrap kb-row-layout-id780_4a9a3f-50 alignnone wp-block-kadence-rowlayout\"><div class=\"kt-row-column-wrap kt-has-2-columns kt-row-layout-equal kt-tab-layout-inherit kt-mobile-layout-row kt-row-valign-top\">\n<style>.kadence-column780_417adb-de > .kt-inside-inner-col,.kadence-column780_417adb-de > .kt-inside-inner-col:before{border-top-left-radius:0px;border-top-right-radius:0px;border-bottom-right-radius:0px;border-bottom-left-radius:0px;}.kadence-column780_417adb-de > .kt-inside-inner-col{column-gap:var(--global-kb-gap-sm, 1rem);}.kadence-column780_417adb-de > .kt-inside-inner-col{flex-direction:column;}.kadence-column780_417adb-de > .kt-inside-inner-col > .aligncenter{width:100%;}.kadence-column780_417adb-de > .kt-inside-inner-col:before{opacity:0.3;}.kadence-column780_417adb-de{position:relative;}@media all and (max-width: 1024px){.kadence-column780_417adb-de > .kt-inside-inner-col{flex-direction:column;}}@media all and (max-width: 767px){.kadence-column780_417adb-de > .kt-inside-inner-col{flex-direction:column;}}<\/style>\n<div class=\"wp-block-kadence-column kadence-column780_417adb-de\"><div class=\"kt-inside-inner-col\">\n<p><strong>Unser Unternehmen bietet einen umfassenden Service f\u00fcr Ihr Automobil-Sortiment an, beginnend mit der Annahme von Autoteilen und Zubeh\u00f6r in unser Lager, \u00fcber deren sichere Lagerung, Kommissionierung und Verpackung bis hin zur Lieferung an Endkunden in der gesamten Europ\u00e4ischen Union. <\/strong>Dank dessen k\u00f6nnen Sie sich auf die Entwicklung Ihres Gesch\u00e4fts und innovativer Projekte konzentrieren, in dem Wissen, dass die Auftragsabwicklung in unseren erfahrenen H\u00e4nden liegt. Unsere Experten f\u00fcr die Automobilbranche stehen bereit, um alle verf\u00fcgbaren Dienstleistungen und L\u00f6sungen mit Ihnen zu besprechen, die Ihnen bei der Weiterentwicklung Ihrer Marke und der Erschlie\u00dfung eines breiteren Kundenkreises helfen.<\/p>\n<p><br \/><br \/><\/p>\n<h3>Wir bieten:<\/h3>\n<ul>\n<li>H\u00f6chste Sorgfalt bei der sicheren Lagerung und dem Transport von Autoteilen, einschlie\u00dflich empfindlicher Komponenten wie Elektronik oder mechanischer Teile.<\/li>\n<li>Cross-Docking von Autoteilen, einschlie\u00dflich Umpacken und Versand in andere L\u00e4nder.<\/li>\n<li>Angepasste Verpackungsl\u00f6sungen, die einen optimalen Schutz w\u00e4hrend des Transports gew\u00e4hrleisten.<\/li>\n<li>Qualit\u00e4tskontrolle und Lagerbestandsmanagement unter Anwendung von FIFO- (First-In, First-Out) und LIFO- (Last-In, First-Out) Methoden, um eine optimale Produktrotation sicherzustellen.<\/li>\n<li>Einhaltung von Sicherheitsstandards und branchenspezifischen Normen, die h\u00f6chste Qualit\u00e4t und die Einhaltung der Anforderungen des Automobilmarktes garantieren.<\/li>\n<\/ul>\n<p>\u00a0<\/p>\n<p>Wenn Sie einen zuverl\u00e4ssigen Partner f\u00fcr die Abwicklung Ihres Gesch\u00e4fts im Automobilsektor suchen, sind wir bereit, Sie auf Ihrem Weg zum Erfolg zu unterst\u00fctzen.<\/p>\n<p>\u00a0<\/p>\n<p>\u00a0<\/p>\n<\/div><\/div>\n\n\n<style>.kadence-column780_079ac1-2f > .kt-inside-inner-col,.kadence-column780_079ac1-2f > .kt-inside-inner-col:before{border-top-left-radius:0px;border-top-right-radius:0px;border-bottom-right-radius:0px;border-bottom-left-radius:0px;}.kadence-column780_079ac1-2f > .kt-inside-inner-col{column-gap:var(--global-kb-gap-sm, 1rem);}.kadence-column780_079ac1-2f > .kt-inside-inner-col{flex-direction:column;}.kadence-column780_079ac1-2f > .kt-inside-inner-col > .aligncenter{width:100%;}.kadence-column780_079ac1-2f > .kt-inside-inner-col:before{opacity:0.3;}.kadence-column780_079ac1-2f{position:relative;}@media all and (max-width: 1024px){.kadence-column780_079ac1-2f > .kt-inside-inner-col{flex-direction:column;}}@media all and (max-width: 767px){.kadence-column780_079ac1-2f > .kt-inside-inner-col{flex-direction:column;}}<\/style>\n<div class=\"wp-block-kadence-column kadence-column780_079ac1-2f\"><div class=\"kt-inside-inner-col\">\n<figure class=\"wp-block-image size-full\"><img loading=\"lazy\" decoding=\"async\" width=\"470\" height=\"416\" src=\"https:\/\/e-stores.pl\/wp-content\/uploads\/2025\/01\/automotive-2-min.jpg\" alt=\"\" class=\"wp-image-779\"\/><\/figure>\n<\/div><\/div>\n\n<\/div><\/div>","protected":false},"excerpt":{"rendered":"<p>Unser Unternehmen bietet einen umfassenden Service f\u00fcr Ihr Automobil-Sortiment an, beginnend mit der Annahme von Autoteilen und Zubeh\u00f6r in unser Lager, \u00fcber deren sichere Lagerung, Kommissionierung und Verpackung bis hin zur Lieferung an Endkunden in der gesamten Europ\u00e4ischen Union. Dank dessen k\u00f6nnen Sie sich auf die Entwicklung Ihres Gesch\u00e4fts und innovativer Projekte konzentrieren, in dem Wissen, dass die Auftragsabwicklung in unseren erfahrenen H\u00e4nden liegt. Unsere Experten f\u00fcr die Automobilbranche stehen bereit, um alle verf\u00fcgbaren Dienstleistungen und L\u00f6sungen mit Ihnen zu besprechen, die Ihnen bei der Weiterentwicklung Ihrer Marke und der Erschlie\u00dfung eines breiteren Kundenkreises helfen. Wir bieten: H\u00f6chste Sorgfalt bei [&hellip;]<\/p>\n","protected":false},"author":1,"featured_media":453,"parent":0,"menu_order":0,"comment_status":"closed","ping_status":"closed","template":"","meta":{"_acf_changed":false,"footnotes":""},"class_list":["post-780","page","type-page","status-publish","has-post-thumbnail","hentry"],"acf":[],"_links":{"self":[{"href":"https:\/\/e-stores.pl\/de\/wp-json\/wp\/v2\/pages\/780","targetHints":{"allow":["GET"]}}],"collection":[{"href":"https:\/\/e-stores.pl\/de\/wp-json\/wp\/v2\/pages"}],"about":[{"href":"https:\/\/e-stores.pl\/de\/wp-json\/wp\/v2\/types\/page"}],"author":[{"embeddable":true,"href":"https:\/\/e-stores.pl\/de\/wp-json\/wp\/v2\/users\/1"}],"replies":[{"embeddable":true,"href":"https:\/\/e-stores.pl\/de\/wp-json\/wp\/v2\/comments?post=780"}],"version-history":[{"count":9,"href":"https:\/\/e-stores.pl\/de\/wp-json\/wp\/v2\/pages\/780\/revisions"}],"predecessor-version":[{"id":809,"href":"https:\/\/e-stores.pl\/de\/wp-json\/wp\/v2\/pages\/780\/revisions\/809"}],"wp:featuredmedia":[{"embeddable":true,"href":"https:\/\/e-stores.pl\/de\/wp-json\/wp\/v2\/media\/453"}],"wp:attachment":[{"href":"https:\/\/e-stores.pl\/de\/wp-json\/wp\/v2\/media?parent=780"}],"curies":[{"name":"wp","href":"https:\/\/api.w.org\/{rel}","templated":true}]}}