{"id":672,"date":"2023-10-12T15:27:17","date_gmt":"2023-10-12T13:27:17","guid":{"rendered":"https:\/\/e-stores.pl\/?page_id=672"},"modified":"2023-10-20T15:26:18","modified_gmt":"2023-10-20T13:26:18","slug":"ksiazki","status":"publish","type":"page","link":"https:\/\/e-stores.pl\/de\/branze\/ksiazki\/","title":{"rendered":"B\u00fccher"},"content":{"rendered":"<p><\/p>\n<div class=\"branze_branza\">\n<div class=\"text\">\n<p>e-Stores ist Ihr Partner f\u00fcr Druckereien, Verlage und Online-Buchhandlungen. Wir bieten umfassende Dienstleistungen f\u00fcr das Verpacken und Umpacken von Papierprodukten, was Ihnen Zeit und Ressourcen spart. Dank unserer Dienstleistungen befinden sich Logistik und Kundenbetreuung in besten H\u00e4nden. Unsere Paketverteilung erstreckt sich \u00fcber ganz Europa und bietet Ihnen globale Reichweite und Zugang zu Kunden in gro\u00dfem Ma\u00dfstab. Wir sind rund um die Uhr verf\u00fcgbar, sodass Sie sich darauf verlassen k\u00f6nnen, dass wir jederzeit arbeitsbereit sind.<\/p>\n<\/div>\n<div class=\"pic\"><img loading=\"lazy\" decoding=\"async\" class=\"alignnone size-medium wp-image-599\" src=\"https:\/\/e-stores.pl\/wp-content\/uploads\/2023\/10\/e-stores-icon-ksiazki.jpg\" alt=\"Ksi\u0105\u017cki\" width=\"300\" height=\"266\" \/><\/div>\n<\/div>\n<p><\/p>","protected":false},"excerpt":{"rendered":"<p>e-Stores ist Ihr Partner f\u00fcr Druckereien, Verlage und Online-Buchhandlungen. Wir bieten umfassende Dienstleistungen f\u00fcr das Verpacken und Umpacken von Papierprodukten, was Ihnen Zeit und Ressourcen spart. Dank unserer Dienstleistungen befinden sich Logistik und Kundenbetreuung in besten H\u00e4nden. Unsere Paketverteilung erstreckt sich \u00fcber ganz Europa und bietet Ihnen globale Reichweite und Zugang zu Kunden in gro\u00dfem Ma\u00dfstab. Wir sind rund um die Uhr verf\u00fcgbar, sodass Sie sich darauf verlassen k\u00f6nnen, dass wir jederzeit arbeitsbereit sind.<\/p>\n","protected":false},"author":2,"featured_media":453,"parent":609,"menu_order":0,"comment_status":"closed","ping_status":"closed","template":"","meta":{"_acf_changed":false,"footnotes":""},"class_list":["post-672","page","type-page","status-publish","has-post-thumbnail","hentry"],"acf":[],"_links":{"self":[{"href":"https:\/\/e-stores.pl\/de\/wp-json\/wp\/v2\/pages\/672","targetHints":{"allow":["GET"]}}],"collection":[{"href":"https:\/\/e-stores.pl\/de\/wp-json\/wp\/v2\/pages"}],"about":[{"href":"https:\/\/e-stores.pl\/de\/wp-json\/wp\/v2\/types\/page"}],"author":[{"embeddable":true,"href":"https:\/\/e-stores.pl\/de\/wp-json\/wp\/v2\/users\/2"}],"replies":[{"embeddable":true,"href":"https:\/\/e-stores.pl\/de\/wp-json\/wp\/v2\/comments?post=672"}],"version-history":[{"count":2,"href":"https:\/\/e-stores.pl\/de\/wp-json\/wp\/v2\/pages\/672\/revisions"}],"predecessor-version":[{"id":708,"href":"https:\/\/e-stores.pl\/de\/wp-json\/wp\/v2\/pages\/672\/revisions\/708"}],"up":[{"embeddable":true,"href":"https:\/\/e-stores.pl\/de\/wp-json\/wp\/v2\/pages\/609"}],"wp:featuredmedia":[{"embeddable":true,"href":"https:\/\/e-stores.pl\/de\/wp-json\/wp\/v2\/media\/453"}],"wp:attachment":[{"href":"https:\/\/e-stores.pl\/de\/wp-json\/wp\/v2\/media?parent=672"}],"curies":[{"name":"wp","href":"https:\/\/api.w.org\/{rel}","templated":true}]}}