{"id":669,"date":"2023-10-12T15:25:17","date_gmt":"2023-10-12T13:25:17","guid":{"rendered":"https:\/\/e-stores.pl\/?page_id=669"},"modified":"2023-10-20T15:27:30","modified_gmt":"2023-10-20T13:27:30","slug":"zabawki","status":"publish","type":"page","link":"https:\/\/e-stores.pl\/de\/branze\/zabawki\/","title":{"rendered":"Spielzeug"},"content":{"rendered":"<p><\/p>\n<div class=\"branze_branza\">\n<div class=\"text\">\n<p>e-Stores ist der Partner, der den Bestellabwicklungsprozess und externe Logistikdienste vereinfacht. Wir sind bereit, Ihre Produkte im Lager anzunehmen, sie effektiv zu lagern, zusammenzustellen, sorgf\u00e4ltig zu verpacken und automatisch zu liefern. Unser Angebot umfasst die Abwicklung von Bestellungen f\u00fcr Kartenspiele, Brettspiele, Puzzles, Spielzeug und eine breite Palette von Spielzeug- und Spiel Produkten. Konsultieren Sie unsere Bestellungsabwicklungsexperten, um mehr \u00fcber unsere Erfolge und dar\u00fcber zu erfahren, wie wir Ihr Unternehmen unterst\u00fctzen k\u00f6nnen. Unser skalierbares und flexibles Bestellabwicklungssystem f\u00fcr diese Branche bedeutet, dass Sie sich keine Gedanken \u00fcber Umsatzsteigerungen oder saisonale Schwankungen machen m\u00fcssen.<\/p>\n<p>Wir bieten transparente Preise, faire Bedingungen und klare Kommunikation, damit Sie sich auf die Entwicklung Ihres Spielzeug- und Spiele Unternehmens konzentrieren k\u00f6nnen, in dem Wissen, dass die Bestellabwicklung in besten H\u00e4nden ist. <\/p>\n<\/div>\n<div class=\"pic\"><img loading=\"lazy\" decoding=\"async\" class=\"alignnone size-medium wp-image-599\" src=\"https:\/\/e-stores.pl\/wp-content\/uploads\/2023\/10\/e-stores-icon-zabawki\" alt=\"zabawki\" width=\"300\" height=\"266\" \/><\/div>\n<\/div>\n<p><\/p>","protected":false},"excerpt":{"rendered":"<p>e-Stores ist der Partner, der den Bestellabwicklungsprozess und externe Logistikdienste vereinfacht. Wir sind bereit, Ihre Produkte im Lager anzunehmen, sie effektiv zu lagern, zusammenzustellen, sorgf\u00e4ltig zu verpacken und automatisch zu liefern. Unser Angebot umfasst die Abwicklung von Bestellungen f\u00fcr Kartenspiele, Brettspiele, Puzzles, Spielzeug und eine breite Palette von Spielzeug- und Spiel Produkten. Konsultieren Sie unsere Bestellungsabwicklungsexperten, um mehr \u00fcber unsere Erfolge und dar\u00fcber zu erfahren, wie wir Ihr Unternehmen unterst\u00fctzen k\u00f6nnen. Unser skalierbares und flexibles Bestellabwicklungssystem f\u00fcr diese Branche bedeutet, dass Sie sich keine Gedanken \u00fcber Umsatzsteigerungen oder saisonale Schwankungen machen m\u00fcssen. Wir bieten transparente Preise, faire Bedingungen und klare [&hellip;]<\/p>\n","protected":false},"author":2,"featured_media":453,"parent":609,"menu_order":0,"comment_status":"closed","ping_status":"closed","template":"","meta":{"_acf_changed":false,"footnotes":""},"class_list":["post-669","page","type-page","status-publish","has-post-thumbnail","hentry"],"acf":[],"_links":{"self":[{"href":"https:\/\/e-stores.pl\/de\/wp-json\/wp\/v2\/pages\/669","targetHints":{"allow":["GET"]}}],"collection":[{"href":"https:\/\/e-stores.pl\/de\/wp-json\/wp\/v2\/pages"}],"about":[{"href":"https:\/\/e-stores.pl\/de\/wp-json\/wp\/v2\/types\/page"}],"author":[{"embeddable":true,"href":"https:\/\/e-stores.pl\/de\/wp-json\/wp\/v2\/users\/2"}],"replies":[{"embeddable":true,"href":"https:\/\/e-stores.pl\/de\/wp-json\/wp\/v2\/comments?post=669"}],"version-history":[{"count":3,"href":"https:\/\/e-stores.pl\/de\/wp-json\/wp\/v2\/pages\/669\/revisions"}],"predecessor-version":[{"id":709,"href":"https:\/\/e-stores.pl\/de\/wp-json\/wp\/v2\/pages\/669\/revisions\/709"}],"up":[{"embeddable":true,"href":"https:\/\/e-stores.pl\/de\/wp-json\/wp\/v2\/pages\/609"}],"wp:featuredmedia":[{"embeddable":true,"href":"https:\/\/e-stores.pl\/de\/wp-json\/wp\/v2\/media\/453"}],"wp:attachment":[{"href":"https:\/\/e-stores.pl\/de\/wp-json\/wp\/v2\/media?parent=669"}],"curies":[{"name":"wp","href":"https:\/\/api.w.org\/{rel}","templated":true}]}}