{"id":664,"date":"2023-10-12T14:59:55","date_gmt":"2023-10-12T12:59:55","guid":{"rendered":"https:\/\/e-stores.pl\/?page_id=664"},"modified":"2023-10-20T15:30:10","modified_gmt":"2023-10-20T13:30:10","slug":"suplementy-diety","status":"publish","type":"page","link":"https:\/\/e-stores.pl\/de\/branze\/suplementy-diety\/","title":{"rendered":"Nahrungserg\u00e4nzungsmittel"},"content":{"rendered":"<p><\/p>\n<div class=\"branze_branza\">\n<div class=\"text\">\n<p>e-Stores ist der unverzichtbare Partner f\u00fcr Hersteller und Vertrieb von Nahrungserg\u00e4nzungsmitteln. Unser Unternehmen bietet umfassende Unterst\u00fctzung f\u00fcr Ihr Sortiment, beginnend mit der Annahme von Produkten im Lager, deren Lagerung, Zusammenstellung, Verpackung und automatische Lieferung. Auf diese Weise haben Sie in wenigen einfachen Schritten die M\u00f6glichkeit, sich auf die Entwicklung Ihres Gesch\u00e4fts und leidenschaftliche Aktivit\u00e4ten zu konzentrieren, in dem Wissen, dass Ihre Bestellungen in kompetenten H\u00e4nden sind.<\/p>\n<p>Unsere Experten f\u00fcr die Abwicklung von Bestellungen von Nahrungserg\u00e4nzungsmitteln und Vitaminen sind bereit, alle verf\u00fcgbaren Dienstleistungen und L\u00f6sungen zu erl\u00e4utern, die Ihnen bei der Entwicklung Ihrer Marke helfen. Wir bieten:<\/p>\n<ul>\n<li class=\"text\">Besondere Sorgfalt bei der Lagerung und Verpackung von Nahrungserg\u00e4nzungsmitteln und Vitaminen.<\/li>\n<li class=\"text\">Nachhaltige und angepasste Verpackungen, einschlie\u00dflich Plastikdosen f\u00fcr Sportler, Protein Riegel, Kapseln und Tabletten.<\/li>\n<li class=\"text\">Kontrolle von Produktchargen und Anwendung von FIFO (First-In, First-Out) und LIFO (Last-In, First-Out) Methoden zur optimalen Bestandsverwaltung.<\/li>\n<li class=\"text\">HACCP-System und kontinuierliche Hygiene\u00fcberwachung f\u00fcr h\u00f6chste Qualit\u00e4t und Produktsicherheit.<\/li>\n<\/ul>\n<p>Wenn Sie einen Partner f\u00fcr die Abwicklung Ihres Nahrungserg\u00e4nzungsmittel Gesch\u00e4fts ben\u00f6tigen, steht e-Stores bereit, Sie auf dem Weg zum Erfolg zu unterst\u00fctzen.<\/p>\n<\/div>\n<div class=\"pic\"><img loading=\"lazy\" decoding=\"async\" class=\"alignnone size-medium wp-image-599\" src=\"https:\/\/e-stores.pl\/wp-content\/uploads\/2023\/10\/e-stores-icon-suplementy.jpg\" alt=\"Suplementy diety\" width=\"300\" height=\"266\" \/><\/div>\n<\/div>\n<p><\/p>","protected":false},"excerpt":{"rendered":"<p>e-Stores ist der unverzichtbare Partner f\u00fcr Hersteller und Vertrieb von Nahrungserg\u00e4nzungsmitteln. Unser Unternehmen bietet umfassende Unterst\u00fctzung f\u00fcr Ihr Sortiment, beginnend mit der Annahme von Produkten im Lager, deren Lagerung, Zusammenstellung, Verpackung und automatische Lieferung. Auf diese Weise haben Sie in wenigen einfachen Schritten die M\u00f6glichkeit, sich auf die Entwicklung Ihres Gesch\u00e4fts und leidenschaftliche Aktivit\u00e4ten zu konzentrieren, in dem Wissen, dass Ihre Bestellungen in kompetenten H\u00e4nden sind. Unsere Experten f\u00fcr die Abwicklung von Bestellungen von Nahrungserg\u00e4nzungsmitteln und Vitaminen sind bereit, alle verf\u00fcgbaren Dienstleistungen und L\u00f6sungen zu erl\u00e4utern, die Ihnen bei der Entwicklung Ihrer Marke helfen. Wir bieten: Besondere Sorgfalt bei der [&hellip;]<\/p>\n","protected":false},"author":2,"featured_media":453,"parent":609,"menu_order":0,"comment_status":"closed","ping_status":"closed","template":"","meta":{"_acf_changed":false,"footnotes":""},"class_list":["post-664","page","type-page","status-publish","has-post-thumbnail","hentry"],"acf":[],"_links":{"self":[{"href":"https:\/\/e-stores.pl\/de\/wp-json\/wp\/v2\/pages\/664","targetHints":{"allow":["GET"]}}],"collection":[{"href":"https:\/\/e-stores.pl\/de\/wp-json\/wp\/v2\/pages"}],"about":[{"href":"https:\/\/e-stores.pl\/de\/wp-json\/wp\/v2\/types\/page"}],"author":[{"embeddable":true,"href":"https:\/\/e-stores.pl\/de\/wp-json\/wp\/v2\/users\/2"}],"replies":[{"embeddable":true,"href":"https:\/\/e-stores.pl\/de\/wp-json\/wp\/v2\/comments?post=664"}],"version-history":[{"count":5,"href":"https:\/\/e-stores.pl\/de\/wp-json\/wp\/v2\/pages\/664\/revisions"}],"predecessor-version":[{"id":710,"href":"https:\/\/e-stores.pl\/de\/wp-json\/wp\/v2\/pages\/664\/revisions\/710"}],"up":[{"embeddable":true,"href":"https:\/\/e-stores.pl\/de\/wp-json\/wp\/v2\/pages\/609"}],"wp:featuredmedia":[{"embeddable":true,"href":"https:\/\/e-stores.pl\/de\/wp-json\/wp\/v2\/media\/453"}],"wp:attachment":[{"href":"https:\/\/e-stores.pl\/de\/wp-json\/wp\/v2\/media?parent=664"}],"curies":[{"name":"wp","href":"https:\/\/api.w.org\/{rel}","templated":true}]}}