{"id":662,"date":"2023-10-12T14:53:33","date_gmt":"2023-10-12T12:53:33","guid":{"rendered":"https:\/\/e-stores.pl\/?page_id=662"},"modified":"2023-10-20T15:32:38","modified_gmt":"2023-10-20T13:32:38","slug":"produkty-medyczne","status":"publish","type":"page","link":"https:\/\/e-stores.pl\/de\/branze\/produkty-medyczne\/","title":{"rendered":"Medizinprodukte"},"content":{"rendered":"<p><\/p>\n<div class=\"branze_branza\">\n<div class=\"text\">\n<p>Die Zusammenarbeit mit der Medizinbranche ist f\u00fcr uns eine gro\u00dfe Ehre. Bei e-Stores legen wir h\u00f6chsten Wert auf die Einhaltung h\u00f6chster Standards bei der Lagerung von Medizinprodukten. Dies erreichen wir durch kontinuierliche \u00dcberwachung von Feuchtigkeit und Temperatur, Aufrechterhaltung von Sauberkeit und Einhaltung der ISO- und HACCP-Normen. Unsere Einrichtungen entsprechen den strengen Vorschriften f\u00fcr die Qualit\u00e4t von Medizinprodukten, was die Sicherheit garantiert. Unsere Dienstleistungen sind flexibel auf die individuellen Bed\u00fcrfnisse der Kunden zugeschnitten, dank integrierter Logistikl\u00f6sungen.<\/p>\n<p>Wir bieten umfassendes Management in allen Phasen des Prozesses, von Rohstoffen bis zu Fertigprodukten, und bieten eine effektive Distribution sowohl auf dem Inlands- als auch auf dem internationalen Markt. Dank unseres Ansatzes k\u00f6nnen wir den h\u00f6chsten Anforderungen der Medizinbranche gerecht werden und eine effiziente Distribution von Medizinprodukten sicherstellen.<\/p>\n<\/div>\n<div class=\"pic\"><img loading=\"lazy\" decoding=\"async\" class=\"alignnone size-medium wp-image-599\" src=\"https:\/\/e-stores.pl\/wp-content\/uploads\/2023\/10\/e-stores-icon-produkty-medyczne.jpg\" alt=\"Produkty medyczne\" width=\"300\" height=\"266\" \/><\/div>\n<\/div>\n<p><\/p>","protected":false},"excerpt":{"rendered":"<p>Die Zusammenarbeit mit der Medizinbranche ist f\u00fcr uns eine gro\u00dfe Ehre. Bei e-Stores legen wir h\u00f6chsten Wert auf die Einhaltung h\u00f6chster Standards bei der Lagerung von Medizinprodukten. Dies erreichen wir durch kontinuierliche \u00dcberwachung von Feuchtigkeit und Temperatur, Aufrechterhaltung von Sauberkeit und Einhaltung der ISO- und HACCP-Normen. Unsere Einrichtungen entsprechen den strengen Vorschriften f\u00fcr die Qualit\u00e4t von Medizinprodukten, was die Sicherheit garantiert. Unsere Dienstleistungen sind flexibel auf die individuellen Bed\u00fcrfnisse der Kunden zugeschnitten, dank integrierter Logistikl\u00f6sungen. Wir bieten umfassendes Management in allen Phasen des Prozesses, von Rohstoffen bis zu Fertigprodukten, und bieten eine effektive Distribution sowohl auf dem Inlands- als auch [&hellip;]<\/p>\n","protected":false},"author":2,"featured_media":453,"parent":609,"menu_order":0,"comment_status":"closed","ping_status":"closed","template":"","meta":{"_acf_changed":false,"footnotes":""},"class_list":["post-662","page","type-page","status-publish","has-post-thumbnail","hentry"],"acf":[],"_links":{"self":[{"href":"https:\/\/e-stores.pl\/de\/wp-json\/wp\/v2\/pages\/662","targetHints":{"allow":["GET"]}}],"collection":[{"href":"https:\/\/e-stores.pl\/de\/wp-json\/wp\/v2\/pages"}],"about":[{"href":"https:\/\/e-stores.pl\/de\/wp-json\/wp\/v2\/types\/page"}],"author":[{"embeddable":true,"href":"https:\/\/e-stores.pl\/de\/wp-json\/wp\/v2\/users\/2"}],"replies":[{"embeddable":true,"href":"https:\/\/e-stores.pl\/de\/wp-json\/wp\/v2\/comments?post=662"}],"version-history":[{"count":3,"href":"https:\/\/e-stores.pl\/de\/wp-json\/wp\/v2\/pages\/662\/revisions"}],"predecessor-version":[{"id":711,"href":"https:\/\/e-stores.pl\/de\/wp-json\/wp\/v2\/pages\/662\/revisions\/711"}],"up":[{"embeddable":true,"href":"https:\/\/e-stores.pl\/de\/wp-json\/wp\/v2\/pages\/609"}],"wp:featuredmedia":[{"embeddable":true,"href":"https:\/\/e-stores.pl\/de\/wp-json\/wp\/v2\/media\/453"}],"wp:attachment":[{"href":"https:\/\/e-stores.pl\/de\/wp-json\/wp\/v2\/media?parent=662"}],"curies":[{"name":"wp","href":"https:\/\/api.w.org\/{rel}","templated":true}]}}