{"id":660,"date":"2023-10-12T14:47:30","date_gmt":"2023-10-12T12:47:30","guid":{"rendered":"https:\/\/e-stores.pl\/?page_id=660"},"modified":"2023-10-20T15:34:48","modified_gmt":"2023-10-20T13:34:48","slug":"odziez","status":"publish","type":"page","link":"https:\/\/e-stores.pl\/de\/branze\/odziez\/","title":{"rendered":"Bekleidung"},"content":{"rendered":"<p><\/p>\n<div class=\"branze_branza\">\n<div class=\"text\">\n<p>e-Stores bietet umfassende Unterst\u00fctzung f\u00fcr Ihr Bekleidungssortiment in jeder Phase. Unser Unternehmen nimmt Ihre Produkte im Lager entgegen, lagert sie professionell ein, stellt sie zusammen, verpackt sie sorgf\u00e4ltig und liefert sie automatisch. Auf diese Weise haben Sie in wenigen einfachen Schritten die M\u00f6glichkeit, sich auf die Entwicklung Ihrer Marke und die Dinge zu konzentrieren, die Ihnen die gr\u00f6\u00dfte Zufriedenheit bereiten, mit der Gewissheit, dass Ihre Bestellungen in den besten H\u00e4nden sind.<\/p>\n<p>Unabh\u00e4ngig von der Art der Bekleidung, von Designermarken bis hin zu praktischer Arbeitskleidung, verf\u00fcgen unsere Experten \u00fcber die erforderlichen F\u00e4higkeiten zur Bearbeitung unterschiedlicher Bekleidung Spezifikationen und Accessoires. Wir bieten Flexibilit\u00e4t, damit Sie Ihre eigenen Verpackungen verwenden oder unsere nachhaltigen Verpackungsl\u00f6sungen nutzen k\u00f6nnen. Dar\u00fcber hinaus k\u00f6nnen wir Werbematerialien jeder Sendung beif\u00fcgen. <\/p>\n<p>Durch die Verwendung von 3PL (Third Party Logistics) nimmt e-Stores Ihnen den Stress rund um Logistik, Lagerung und Aufbewahrung ab, was in der Wettbewerbs Branche der Mode, in der Zeit gleichbedeutend mit Geld ist, von gro\u00dfer Bedeutung ist. Mit uns sparen Sie Zeit, senken Kosten und bieten Ihren Kunden ein au\u00dfergew\u00f6hnliches Erlebnis. Werden Sie Branchenf\u00fchrer in der Modebranche und sichern Sie sich noch heute einen Wettbewerbsvorteil!<\/p>\n<\/div>\n<div class=\"pic\"><img loading=\"lazy\" decoding=\"async\" class=\"alignnone size-medium wp-image-599\" src=\"https:\/\/e-stores.pl\/wp-content\/uploads\/2023\/10\/e-stores-icon-odziez.jpg\" alt=\"Odzie\u017c\" width=\"300\" height=\"266\" \/><\/div>\n<\/div>\n<p><\/p>","protected":false},"excerpt":{"rendered":"<p>e-Stores bietet umfassende Unterst\u00fctzung f\u00fcr Ihr Bekleidungssortiment in jeder Phase. Unser Unternehmen nimmt Ihre Produkte im Lager entgegen, lagert sie professionell ein, stellt sie zusammen, verpackt sie sorgf\u00e4ltig und liefert sie automatisch. Auf diese Weise haben Sie in wenigen einfachen Schritten die M\u00f6glichkeit, sich auf die Entwicklung Ihrer Marke und die Dinge zu konzentrieren, die Ihnen die gr\u00f6\u00dfte Zufriedenheit bereiten, mit der Gewissheit, dass Ihre Bestellungen in den besten H\u00e4nden sind. Unabh\u00e4ngig von der Art der Bekleidung, von Designermarken bis hin zu praktischer Arbeitskleidung, verf\u00fcgen unsere Experten \u00fcber die erforderlichen F\u00e4higkeiten zur Bearbeitung unterschiedlicher Bekleidung Spezifikationen und Accessoires. Wir bieten [&hellip;]<\/p>\n","protected":false},"author":2,"featured_media":453,"parent":609,"menu_order":0,"comment_status":"closed","ping_status":"closed","template":"","meta":{"_acf_changed":false,"footnotes":""},"class_list":["post-660","page","type-page","status-publish","has-post-thumbnail","hentry"],"acf":[],"_links":{"self":[{"href":"https:\/\/e-stores.pl\/de\/wp-json\/wp\/v2\/pages\/660","targetHints":{"allow":["GET"]}}],"collection":[{"href":"https:\/\/e-stores.pl\/de\/wp-json\/wp\/v2\/pages"}],"about":[{"href":"https:\/\/e-stores.pl\/de\/wp-json\/wp\/v2\/types\/page"}],"author":[{"embeddable":true,"href":"https:\/\/e-stores.pl\/de\/wp-json\/wp\/v2\/users\/2"}],"replies":[{"embeddable":true,"href":"https:\/\/e-stores.pl\/de\/wp-json\/wp\/v2\/comments?post=660"}],"version-history":[{"count":3,"href":"https:\/\/e-stores.pl\/de\/wp-json\/wp\/v2\/pages\/660\/revisions"}],"predecessor-version":[{"id":712,"href":"https:\/\/e-stores.pl\/de\/wp-json\/wp\/v2\/pages\/660\/revisions\/712"}],"up":[{"embeddable":true,"href":"https:\/\/e-stores.pl\/de\/wp-json\/wp\/v2\/pages\/609"}],"wp:featuredmedia":[{"embeddable":true,"href":"https:\/\/e-stores.pl\/de\/wp-json\/wp\/v2\/media\/453"}],"wp:attachment":[{"href":"https:\/\/e-stores.pl\/de\/wp-json\/wp\/v2\/media?parent=660"}],"curies":[{"name":"wp","href":"https:\/\/api.w.org\/{rel}","templated":true}]}}