{"id":658,"date":"2023-10-12T14:45:56","date_gmt":"2023-10-12T12:45:56","guid":{"rendered":"https:\/\/e-stores.pl\/?page_id=658"},"modified":"2023-10-20T15:25:21","modified_gmt":"2023-10-20T13:25:21","slug":"kosmetyki","status":"publish","type":"page","link":"https:\/\/e-stores.pl\/de\/branze\/kosmetyki\/","title":{"rendered":"Kosmetik"},"content":{"rendered":"<p><\/p>\n<div class=\"branze_branza\">\n<div class=\"text\">\n<p>e-Stores ist ein Team von Enthusiasten, die sich um hervorragende Erfahrungen bei der Abwicklung von Kosmetik Bestellungen k\u00fcmmern. Unser Unternehmen reagiert auf die Bed\u00fcrfnisse der Kosmetikbranche und passt sich flexibel an den dynamischen Markt an. Wir bieten eine breite Palette von Dienstleistungen im Zusammenhang mit der Abwicklung von Kosmetik Bestellungen, einschlie\u00dflich:<\/p>\n<ul>\n<li>Anpassbare Verpackungs Optionen, einschlie\u00dflich saisonaler Verpackungen, die Ihre Produkte hervorheben.<\/li>\n<li>Sorgf\u00e4ltige Chargenkontrolle, die die schnelle R\u00fccknahme von Produkten im Bedarfsfall erm\u00f6glicht und die Sicherheit Ihrer Marke gew\u00e4hrleistet.<\/li>\n<li>Strikte Bestandskontrolle unter Verwendung fortschrittlicher Methoden wie FEFO, FIFO und LIFO, um eine optimale Lagerbestandsverwaltung zu gew\u00e4hrleisten.<\/li>\n<li>Lagerh\u00e4user mit regulierter Temperatur und kontrollierter Luftfeuchtigkeit, die optimale Bedingungen f\u00fcr die Aufbewahrung von Kosmetika bieten.<\/li>\n<\/ul>\n<p>Wenn Sie nach einem Partner f\u00fcr die Abwicklung von Bestellungen im Gesundheits-, Sch\u00f6nheits- und Kosmetikbereich suchen, sind Sie bei uns an der richtigen Stelle. e-Stores ist ein f\u00fchrender Partner in der Bestellabwicklung in der Gesundheits-, Sch\u00f6nheits- und Kosmetikbranche. Wir arbeiten mit vielen renommierten Marken zusammen und liefern t\u00e4glich Tausende von Produkten aus diesem Bereich. Wenn Sie von der Entwicklung Ihrer eigenen Kosmetik- oder Gesundheitsmarken tr\u00e4umen, erfahren Sie unten mehr!<\/p>\n<\/div>\n<div class=\"pic\"><img loading=\"lazy\" decoding=\"async\" class=\"alignnone size-medium wp-image-599\" src=\"https:\/\/e-stores.pl\/wp-content\/uploads\/2023\/10\/e-stores-icon-kosmetyki.jpg\" alt=\"Kosmetyki\" width=\"300\" height=\"266\" \/><\/div>\n<\/div>\n<p><\/p>","protected":false},"excerpt":{"rendered":"<p>e-Stores ist ein Team von Enthusiasten, die sich um hervorragende Erfahrungen bei der Abwicklung von Kosmetik Bestellungen k\u00fcmmern. Unser Unternehmen reagiert auf die Bed\u00fcrfnisse der Kosmetikbranche und passt sich flexibel an den dynamischen Markt an. Wir bieten eine breite Palette von Dienstleistungen im Zusammenhang mit der Abwicklung von Kosmetik Bestellungen, einschlie\u00dflich: Anpassbare Verpackungs Optionen, einschlie\u00dflich saisonaler Verpackungen, die Ihre Produkte hervorheben. Sorgf\u00e4ltige Chargenkontrolle, die die schnelle R\u00fccknahme von Produkten im Bedarfsfall erm\u00f6glicht und die Sicherheit Ihrer Marke gew\u00e4hrleistet. Strikte Bestandskontrolle unter Verwendung fortschrittlicher Methoden wie FEFO, FIFO und LIFO, um eine optimale Lagerbestandsverwaltung zu gew\u00e4hrleisten. Lagerh\u00e4user mit regulierter Temperatur und [&hellip;]<\/p>\n","protected":false},"author":2,"featured_media":453,"parent":609,"menu_order":0,"comment_status":"closed","ping_status":"closed","template":"","meta":{"_acf_changed":false,"footnotes":""},"class_list":["post-658","page","type-page","status-publish","has-post-thumbnail","hentry"],"acf":[],"_links":{"self":[{"href":"https:\/\/e-stores.pl\/de\/wp-json\/wp\/v2\/pages\/658","targetHints":{"allow":["GET"]}}],"collection":[{"href":"https:\/\/e-stores.pl\/de\/wp-json\/wp\/v2\/pages"}],"about":[{"href":"https:\/\/e-stores.pl\/de\/wp-json\/wp\/v2\/types\/page"}],"author":[{"embeddable":true,"href":"https:\/\/e-stores.pl\/de\/wp-json\/wp\/v2\/users\/2"}],"replies":[{"embeddable":true,"href":"https:\/\/e-stores.pl\/de\/wp-json\/wp\/v2\/comments?post=658"}],"version-history":[{"count":3,"href":"https:\/\/e-stores.pl\/de\/wp-json\/wp\/v2\/pages\/658\/revisions"}],"predecessor-version":[{"id":707,"href":"https:\/\/e-stores.pl\/de\/wp-json\/wp\/v2\/pages\/658\/revisions\/707"}],"up":[{"embeddable":true,"href":"https:\/\/e-stores.pl\/de\/wp-json\/wp\/v2\/pages\/609"}],"wp:featuredmedia":[{"embeddable":true,"href":"https:\/\/e-stores.pl\/de\/wp-json\/wp\/v2\/media\/453"}],"wp:attachment":[{"href":"https:\/\/e-stores.pl\/de\/wp-json\/wp\/v2\/media?parent=658"}],"curies":[{"name":"wp","href":"https:\/\/api.w.org\/{rel}","templated":true}]}}