{"id":651,"date":"2023-10-12T14:35:57","date_gmt":"2023-10-12T12:35:57","guid":{"rendered":"https:\/\/e-stores.pl\/?page_id=651"},"modified":"2023-10-23T08:08:12","modified_gmt":"2023-10-23T06:08:12","slug":"elektronika","status":"publish","type":"page","link":"https:\/\/e-stores.pl\/de\/branze\/elektronika\/","title":{"rendered":"Elektronik"},"content":{"rendered":"<p><\/p>\n<div class=\"branze_branza\">\n<div class=\"text\">\n<p>Elektronik Wir bieten umfassende Unterst\u00fctzung f\u00fcr Ihr E-Commerce- und Technologie Gesch\u00e4ft im Bereich Elektronik. Dank unserer Dienstleistungen werden Ihre Bestellungen gem\u00e4\u00df Ihren Vorgaben bearbeitet und geliefert, um Effizienz und Genauigkeit zu gew\u00e4hrleisten. Unser Angebot umfasst die Annahme von Produkten ins Lager, Lagerung, Zusammenstellung, professionelle Verpackung und automatische Lieferung.<\/p>\n<p>Mit unseren Dienstleistungen k\u00f6nnen Sie sich auf die Entwicklung Ihres Gesch\u00e4fts und auf die Aspekte konzentrieren, die Sie wirklich interessieren, in dem Wissen, dass die Abwicklung Ihrer E-Commerce-Bestellungen in unseren H\u00e4nden liegt. Die Zusammenarbeit mit uns erm\u00f6glicht es Ihnen, sich auf das zu konzentrieren, was f\u00fcr Sie wirklich wichtig ist, und gleichzeitig eine effiziente und professionelle Verwaltung Ihres E-Commerce zu gew\u00e4hrleisten.\n<\/p><\/div>\n<\/p>\n<div class=\"pic\"><img loading=\"lazy\" decoding=\"async\" class=\"alignnone size-medium wp-image-599\" src=\"https:\/\/e-stores.pl\/wp-content\/uploads\/2023\/10\/e-stores-icon-elektronika-300x266.jpg\" alt=\"elektronika\" width=\"300\" height=\"266\" \/><\/div>\n<\/div>\n<p><\/p>","protected":false},"excerpt":{"rendered":"<p>Elektronik Wir bieten umfassende Unterst\u00fctzung f\u00fcr Ihr E-Commerce- und Technologie Gesch\u00e4ft im Bereich Elektronik. Dank unserer Dienstleistungen werden Ihre Bestellungen gem\u00e4\u00df Ihren Vorgaben bearbeitet und geliefert, um Effizienz und Genauigkeit zu gew\u00e4hrleisten. Unser Angebot umfasst die Annahme von Produkten ins Lager, Lagerung, Zusammenstellung, professionelle Verpackung und automatische Lieferung. Mit unseren Dienstleistungen k\u00f6nnen Sie sich auf die Entwicklung Ihres Gesch\u00e4fts und auf die Aspekte konzentrieren, die Sie wirklich interessieren, in dem Wissen, dass die Abwicklung Ihrer E-Commerce-Bestellungen in unseren H\u00e4nden liegt. Die Zusammenarbeit mit uns erm\u00f6glicht es Ihnen, sich auf das zu konzentrieren, was f\u00fcr Sie wirklich wichtig ist, und gleichzeitig [&hellip;]<\/p>\n","protected":false},"author":2,"featured_media":453,"parent":609,"menu_order":0,"comment_status":"closed","ping_status":"closed","template":"","meta":{"_acf_changed":false,"footnotes":""},"class_list":["post-651","page","type-page","status-publish","has-post-thumbnail","hentry"],"acf":[],"_links":{"self":[{"href":"https:\/\/e-stores.pl\/de\/wp-json\/wp\/v2\/pages\/651","targetHints":{"allow":["GET"]}}],"collection":[{"href":"https:\/\/e-stores.pl\/de\/wp-json\/wp\/v2\/pages"}],"about":[{"href":"https:\/\/e-stores.pl\/de\/wp-json\/wp\/v2\/types\/page"}],"author":[{"embeddable":true,"href":"https:\/\/e-stores.pl\/de\/wp-json\/wp\/v2\/users\/2"}],"replies":[{"embeddable":true,"href":"https:\/\/e-stores.pl\/de\/wp-json\/wp\/v2\/comments?post=651"}],"version-history":[{"count":6,"href":"https:\/\/e-stores.pl\/de\/wp-json\/wp\/v2\/pages\/651\/revisions"}],"predecessor-version":[{"id":706,"href":"https:\/\/e-stores.pl\/de\/wp-json\/wp\/v2\/pages\/651\/revisions\/706"}],"up":[{"embeddable":true,"href":"https:\/\/e-stores.pl\/de\/wp-json\/wp\/v2\/pages\/609"}],"wp:featuredmedia":[{"embeddable":true,"href":"https:\/\/e-stores.pl\/de\/wp-json\/wp\/v2\/media\/453"}],"wp:attachment":[{"href":"https:\/\/e-stores.pl\/de\/wp-json\/wp\/v2\/media?parent=651"}],"curies":[{"name":"wp","href":"https:\/\/api.w.org\/{rel}","templated":true}]}}