{"id":65,"date":"2022-12-28T11:58:31","date_gmt":"2022-12-28T10:58:31","guid":{"rendered":"https:\/\/e-stores.pl\/?page_id=65"},"modified":"2023-10-12T12:14:17","modified_gmt":"2023-10-12T10:14:17","slug":"fulfillment-dla-e-commerce","status":"publish","type":"page","link":"https:\/\/e-stores.pl\/de\/oferta\/fulfillment-dla-e-commerce\/","title":{"rendered":"FULFILLMENT F\u00dcR E-COMMERCE"},"content":{"rendered":"<p>Die Branche des elektronischen Handels w\u00e4chst rasant. Es werden st\u00e4ndig neue Online-Shops eingerichtet, und die bestehenden wachsen und steigern ihren Umsatz. Steigender Umsatz bedeutet einerseits mehr Gewinn \u2013 andererseits wird die Abwicklung der Auftr\u00e4ge immer zeitaufw\u00e4ndiger und komplizierter. Gl\u00fccklicherweise k\u00f6nnen Sie heute die Vorteile von Fulfillment-Angeboten f\u00fcr Online-Shops nutzen. Dies ist eine ausgezeichnete Option sowohl f\u00fcr kleine Unternehmen, die keine eigenen Lager haben, als auch f\u00fcr Gesch\u00e4fte, die sich auf einem schnellen Wachstumspfad befinden.<\/p>\r\n\r\n<p>&nbsp;<\/p>\r\n<style>.wp-block-kadence-spacer.kt-block-spacer-_75bda4-0b .kt-block-spacer{height:60px;}.wp-block-kadence-spacer.kt-block-spacer-_75bda4-0b .kt-divider{border-top-width:1px;height:1px;border-top-color:#eee;width:100%;border-top-style:solid;}<\/style>\r\n<div class=\"wp-block-kadence-spacer aligncenter kt-block-spacer-_75bda4-0b\">\r\n<div class=\"kt-block-spacer kt-block-spacer-halign-center\"><hr class=\"kt-divider\" \/><\/div>\r\n<\/div>\r\n\r\n<p>&nbsp;<\/p>\r\n<style>#kt-layout-id_e885f6-94 > .kt-row-column-wrap{align-content:start;}:where(#kt-layout-id_e885f6-94 > .kt-row-column-wrap) > .wp-block-kadence-column{justify-content:start;}#kt-layout-id_e885f6-94 > .kt-row-column-wrap{column-gap:var(--global-kb-gap-md, 2rem);row-gap:var(--global-kb-gap-md, 2rem);padding-top:var( --global-kb-row-default-top, 25px );padding-bottom:var( --global-kb-row-default-bottom, 25px );padding-top:var(--global-kb-spacing-sm, 1.5rem);padding-bottom:var(--global-kb-spacing-sm, 1.5rem);grid-template-columns:repeat(2, minmax(0, 1fr));}#kt-layout-id_e885f6-94 > .kt-row-layout-overlay{opacity:0.30;}@media all and (max-width: 1024px){#kt-layout-id_e885f6-94 > .kt-row-column-wrap{grid-template-columns:repeat(2, minmax(0, 1fr));}}@media all and (max-width: 767px){#kt-layout-id_e885f6-94 > .kt-row-column-wrap{grid-template-columns:minmax(0, 1fr);}}<\/style>\r\n<div class=\"wp-block-kadence-rowlayout alignnone\">\r\n<div id=\"kt-layout-id_e885f6-94\" class=\"kt-row-layout-inner kt-layout-id_e885f6-94\">\r\n<div class=\"kt-row-column-wrap kt-has-2-columns kt-gutter-default kt-v-gutter-default kt-row-valign-top kt-row-layout-equal kt-tab-layout-inherit kt-m-colapse-left-to-right kt-mobile-layout-row\"><style>.kadence-column_29ff3e-4a > .kt-inside-inner-col{border-top-width:0px;border-right-width:0px;border-bottom-width:0px;border-left-width:0px;}.kadence-column_29ff3e-4a > .kt-inside-inner-col,.kadence-column_29ff3e-4a > .kt-inside-inner-col:before{border-top-left-radius:0px;border-top-right-radius:0px;border-bottom-right-radius:0px;border-bottom-left-radius:0px;}.kadence-column_29ff3e-4a > .kt-inside-inner-col{column-gap:var(--global-kb-gap-sm, 1rem);}.kadence-column_29ff3e-4a > .kt-inside-inner-col{flex-direction:column;}.kadence-column_29ff3e-4a > .kt-inside-inner-col > .aligncenter{width:100%;}.kadence-column_29ff3e-4a > .kt-inside-inner-col:before{opacity:0.3;}.kadence-column_29ff3e-4a{position:relative;}@media all and (max-width: 1024px){.kadence-column_29ff3e-4a > .kt-inside-inner-col{flex-direction:column;}}@media all and (max-width: 767px){.kadence-column_29ff3e-4a > .kt-inside-inner-col{flex-direction:column;}}<\/style>\r\n<div class=\"wp-block-kadence-column inner-column-1 kadence-column_29ff3e-4a\">\r\n<div class=\"kt-inside-inner-col\">\r\n<figure class=\"wp-block-image size-full\"><img loading=\"lazy\" decoding=\"async\" width=\"680\" height=\"504\" class=\"wp-image-73\" src=\"https:\/\/e-stores.pl\/wp-content\/uploads\/2022\/12\/fullfilment_1-min.jpg\" alt=\"Fulfillment dla e-commerce\" \/><\/figure>\r\n\r\n\r\n\r\n<figure class=\"wp-block-image size-full\"><img loading=\"lazy\" decoding=\"async\" width=\"700\" height=\"519\" class=\"wp-image-75\" src=\"https:\/\/e-stores.pl\/wp-content\/uploads\/2022\/12\/fullfilment_2-min.jpg\" alt=\"magazynowanie produkt\u00f3w\" \/><\/figure>\r\n<\/div>\r\n<\/div>\r\n\r\n\r\n<style>.kadence-column_cf385d-fe > .kt-inside-inner-col{border-top-width:0px;border-right-width:0px;border-bottom-width:0px;border-left-width:0px;}.kadence-column_cf385d-fe > .kt-inside-inner-col,.kadence-column_cf385d-fe > .kt-inside-inner-col:before{border-top-left-radius:0px;border-top-right-radius:0px;border-bottom-right-radius:0px;border-bottom-left-radius:0px;}.kadence-column_cf385d-fe > .kt-inside-inner-col{column-gap:var(--global-kb-gap-sm, 1rem);}.kadence-column_cf385d-fe > .kt-inside-inner-col{flex-direction:column;}.kadence-column_cf385d-fe > .kt-inside-inner-col > .aligncenter{width:100%;}.kadence-column_cf385d-fe > .kt-inside-inner-col:before{opacity:0.3;}.kadence-column_cf385d-fe{position:relative;}@media all and (max-width: 1024px){.kadence-column_cf385d-fe > .kt-inside-inner-col{flex-direction:column;}}@media all and (max-width: 767px){.kadence-column_cf385d-fe > .kt-inside-inner-col{flex-direction:column;}}<\/style>\r\n<div class=\"wp-block-kadence-column inner-column-2 kadence-column_cf385d-fe\">\r\n<div class=\"kt-inside-inner-col\">\r\n<h2>Was ist Fulfillment?<\/h2>\r\n<p>Beim Fulfillment f\u00fcr den elektronischen Handel werden alle Aufgaben im Zusammenhang mit der Lagerung von Waren und der Verpackung von Online-Bestellungen sowie deren Versand an ein externes Unternehmen delegiert. Alles geschieht im Rahmen eines integrierten Systems, das die schnellste Lieferung der Produkte an die Kunden garantiert und das Risiko von Fehlern minimiert. Es w\u00e4re \u00e4u\u00dferst schwierig, in einem Unternehmen, das nicht auf Logistik spezialisiert ist, \u00e4hnliche Effizienzsteigerungen zu erzielen.<\/p>\r\n<p>&nbsp;<\/p>\r\n<p>&nbsp;<\/p>\r\n<h2>Welche Vorteile bringt das Fulfillment f\u00fcr Online-Shops?<\/h2>\r\n<p>Der Verk\u00e4ufer, der Fulfillment nutzt,\u00a0<strong>konzentriert sich auf den Online-Aspekt seines Gesch\u00e4fts<\/strong>\u00a0und \u00fcberl\u00e4sst die materiellen Aktivit\u00e4ten dem Unternehmen, das f\u00fcr ihn arbeitet. So kann es seine Ressourcen und seine Zeit ganz der Gewinnung neuer Kunden und der Erweiterung seiner Produktpalette widmen.<\/p>\r\n<p>Dank Fulfillment bedeuten die gesch\u00e4ftigsten Zeiten des Jahres, wie die letzten Tage vor Weihnachten oder die Saisonverk\u00e4ufe, nur Zuwachs der Gewinne\u00a0<strong>\u2013 ohne Zuwachs von Problemen<\/strong>. Der erh\u00f6hte Umsatz des Online-Shops f\u00fchrt nicht dazu, dass zus\u00e4tzliches Personal eingestellt und zus\u00e4tzliche Lagerfl\u00e4chen gesucht werden m\u00fcssen.<\/p>\r\n<p><strong>Skalierbarkeit und Erleichterung der Expansion<\/strong>, auch ins Ausland, sind weitere Vorteile des Fulfillment. Wie im obigen Beispiel aus der Vorweihnachtszeit gibt es keine zus\u00e4tzlichen logistischen Herausforderungen, die mit einer langfristigen Steigerung des Auftragsvolumens verbunden sind. Auch wenn ein Online-Shop den Versand an ausl\u00e4ndische Kunden aufnimmt, was normalerweise zus\u00e4tzliche Komplikationen bedeuten kann. Die Verf\u00fcgbarkeit von Lagern in Auslandsm\u00e4rkten garantiert schnelle Lieferung an den Zielkunden, und zwar in einem Lagersystem, das in das Verkaufssystem des Kunden integriert ist.<\/p>\r\n<p>Fulfillment bietet auch eine\u00a0<strong>Reihe von Vorteilen gegen\u00fcber konkurrierenden Online-Shops<\/strong>, die kein Logistikunternehmen einsetzen. Die Auslieferung der Ware an den Kunden am Tag nach dem Kauf ist keine Herausforderung mehr. Dar\u00fcber hinaus werden die Verpackung (in der vom Kunden gew\u00e4hlten Form) und der Versand von Personen durchgef\u00fchrt, die sich t\u00e4glich diesen Aufgaben widmen und daf\u00fcr entsprechend geschult wurden.<\/p>\r\n<p>Schlie\u00dflich sorgt das Fulfillment f\u00fcr\u00a0<strong>Kostenoptimierung<\/strong>. Der Inhaber eines E-Commerce-Unternehmens zahlt monatlich f\u00fcr die tats\u00e4chlich genutzte Lagerfl\u00e4che und die Zahl der bearbeiteten Auftr\u00e4ge. Die Vorteile einer solchen L\u00f6sung k\u00f6nnen daher nicht hoch genug eingesch\u00e4tzt werden, und wir freuen unf auf Kontakt mit jedem, der an der Nutzung unserer Dienste interessiert ist.<\/p>\r\n<\/div>\r\n<\/div>\r\n<\/div>\r\n<\/div>\r\n<\/div>","protected":false},"excerpt":{"rendered":"<p>Die Branche des elektronischen Handels w\u00e4chst rasant. Es werden st\u00e4ndig neue Online-Shops eingerichtet, und die bestehenden wachsen und steigern ihren Umsatz. Steigender Umsatz bedeutet einerseits mehr Gewinn \u2013 andererseits wird die Abwicklung der Auftr\u00e4ge immer zeitaufw\u00e4ndiger und komplizierter. Gl\u00fccklicherweise k\u00f6nnen Sie heute die Vorteile von Fulfillment-Angeboten f\u00fcr Online-Shops nutzen. Dies ist eine ausgezeichnete Option sowohl f\u00fcr kleine Unternehmen, die keine eigenen Lager haben, als auch f\u00fcr Gesch\u00e4fte, die sich auf einem schnellen Wachstumspfad befinden. &nbsp; &nbsp; Was ist Fulfillment? Beim Fulfillment f\u00fcr den elektronischen Handel werden alle Aufgaben im Zusammenhang mit der Lagerung von Waren und der Verpackung von Online-Bestellungen [&hellip;]<\/p>\n","protected":false},"author":1,"featured_media":125,"parent":108,"menu_order":0,"comment_status":"closed","ping_status":"closed","template":"","meta":{"_acf_changed":false,"footnotes":""},"class_list":["post-65","page","type-page","status-publish","has-post-thumbnail","hentry"],"acf":[],"_links":{"self":[{"href":"https:\/\/e-stores.pl\/de\/wp-json\/wp\/v2\/pages\/65","targetHints":{"allow":["GET"]}}],"collection":[{"href":"https:\/\/e-stores.pl\/de\/wp-json\/wp\/v2\/pages"}],"about":[{"href":"https:\/\/e-stores.pl\/de\/wp-json\/wp\/v2\/types\/page"}],"author":[{"embeddable":true,"href":"https:\/\/e-stores.pl\/de\/wp-json\/wp\/v2\/users\/1"}],"replies":[{"embeddable":true,"href":"https:\/\/e-stores.pl\/de\/wp-json\/wp\/v2\/comments?post=65"}],"version-history":[{"count":21,"href":"https:\/\/e-stores.pl\/de\/wp-json\/wp\/v2\/pages\/65\/revisions"}],"predecessor-version":[{"id":578,"href":"https:\/\/e-stores.pl\/de\/wp-json\/wp\/v2\/pages\/65\/revisions\/578"}],"up":[{"embeddable":true,"href":"https:\/\/e-stores.pl\/de\/wp-json\/wp\/v2\/pages\/108"}],"wp:featuredmedia":[{"embeddable":true,"href":"https:\/\/e-stores.pl\/de\/wp-json\/wp\/v2\/media\/125"}],"wp:attachment":[{"href":"https:\/\/e-stores.pl\/de\/wp-json\/wp\/v2\/media?parent=65"}],"curies":[{"name":"wp","href":"https:\/\/api.w.org\/{rel}","templated":true}]}}