{"id":609,"date":"2023-10-12T13:25:30","date_gmt":"2023-10-12T11:25:30","guid":{"rendered":"https:\/\/e-stores.pl\/?page_id=609"},"modified":"2023-10-20T15:43:48","modified_gmt":"2023-10-20T13:43:48","slug":"branze","status":"publish","type":"page","link":"https:\/\/e-stores.pl\/de\/branze\/","title":{"rendered":"Branchen"},"content":{"rendered":"<p><\/p>\n<div class=\"branza\">\n<div class=\"pic\"><img decoding=\"async\" src=\"\/wp-content\/uploads\/2023\/10\/e-stores-icon-suplementy.jpg\" alt=\"Suplementy i produkty spo\u017cywcze\" \/><\/div>\n<div class=\"text\">\n<h2>Nahrungserg\u00e4nzungsmittel und Lebensmittel<\/h2>\n<p>Die Lagerung von Nahrungserg\u00e4nzungsmitteln und Lebensmitteln erfordert oft die Anpassung der Lagerbedingungen, wie Luftfeuchtigkeit und Temperatur. In unseren Einrichtungen bieten wir nicht nur umfassende Auftragsabwicklung, sondern passen auch die anderen erforderlichen Aspekte f\u00fcr die ordnungsgem\u00e4\u00dfe Lagerung dieser Produkte an. Wir verwenden unser HACCP-System und stehen unter st\u00e4ndiger \u00dcberwachung durch das Gesundheitsamt (SANEPID).<\/p>\n<div class=\"more\"><a href=\"\/de\/branze\/suplementy-diety\/\">Mehr lesen<\/a><\/div>\n<\/div>\n<\/div>\n<div class=\"branza\">\n<div class=\"pic\"><img decoding=\"async\" src=\"\/wp-content\/uploads\/2023\/10\/e-stores-icon-kosmetyki.jpg\" alt=\"Kosmetyki\" \/><\/div>\n<div class=\"text\">\n<h2>Kosmetik<\/h2>\n<p>Effektive Kosmetiklagerung erfordert die Erf\u00fcllung mehrerer wichtiger Bedingungen, wobei die Bereitstellung geeigneter klimatischer Bedingungen in Lagern nur eine davon ist. In unserem Unternehmen garantieren wir das Verpacken aller Produkte nach Ihren Bed\u00fcrfnissen und bieten umfassende Dienstleistungen zur Auftragsabwicklung. Wichtig ist auch, dass wir die Chargennummern, das Mindesthaltbarkeitsdatum und die Ausgabe der Produkte in der richtigen Reihenfolge \u00fcberwachen.<\/p>\n<div class=\"more\"><a href=\"\/de\/branze\/kosmetyki\/\">Mehr lesen<\/a><\/div>\n<\/div>\n<\/div>\n<div class=\"branza\">\n<div class=\"pic\"><img decoding=\"async\" src=\"\/wp-content\/uploads\/2023\/10\/e-stores-icon-produkty-medyczne.jpg\" alt=\"Produkty medyczne\" \/><\/div>\n<div class=\"text\">\n<h2>Medizinprodukte<\/h2>\n<p>Bei der Lagerung von medizinischen Produkten m\u00fcssen h\u00f6chste Qualit\u00e4tsstandards eingehalten werden, ebenso wie die Kontrolle der Temperatur, Luftfeuchtigkeit und Sauberkeit in den Einrichtungen. In unserem Unternehmen \u00fcberwachen wir auch das Verfallsdatum und die Chargennummern aller medizinischen Produkte, so dass Sie sicher sein k\u00f6nnen, dass die von Ihren Kunden bestellten Waren in einwandfreiem Zustand und gem\u00e4\u00df der Bestellung geliefert werden.<\/p>\n<div class=\"more\"><a href=\"\/de\/branze\/produkty-medyczne\/\">Mehr lesen<\/a><\/div>\n<\/div>\n<\/div>\n<div class=\"branza\">\n<div class=\"pic\"><img decoding=\"async\" src=\"\/wp-content\/uploads\/2023\/10\/e-stores-icon-odziez.jpg\" alt=\"Odzie\u017c\" \/><\/div>\n<div class=\"text\">\n<h2>Bekleidung<\/h2>\n<p>Die Bekleidungsbranche erfordert eine umfassende Betreuung in Bezug auf die richtige Lagerung von Kleidung, die Annahme und \u00dcberpr\u00fcfung von Retouren, die Zusammenstellung von Auftr\u00e4gen, individuelle Verpackung und schnelle Lieferung an den gew\u00fcnschten Ort. In unserem Unternehmen erledigen wir dies gerne f\u00fcr Sie und passen unsere Dienstleistungen an Ihre Bed\u00fcrfnisse an, damit Sie sich voll auf wichtigere Aspekte Ihrer Gesch\u00e4ftsentwicklung konzentrieren k\u00f6nnen.<\/p>\n<div class=\"more\"><a href=\"\/de\/branze\/odziez\/\">Mehr lesen<\/a><\/div>\n<\/div>\n<\/div>\n<div class=\"branza\">\n<div class=\"pic\"><img decoding=\"async\" src=\"\/wp-content\/uploads\/2023\/10\/e-stores-icon-elektronika.jpg\" alt=\"Elektronika\" \/><\/div>\n<div class=\"text\">\n<h2>Elektronik<\/h2>\n<p>Bei e-Stores k\u00fcmmern wir uns darum, dass die uns anvertraute Elektronik nicht nur sicher in unseren Lagern aufbewahrt wird, sondern auch sicher an die Kunden geliefert wird. Alle Produkte werden ordnungsgem\u00e4\u00df verpackt, gut gesch\u00fctzt und automatisch gem\u00e4\u00df den Bestellungen versandt, so dass Sie sich um nichts mehr sorgen m\u00fcssen. <\/p>\n<div class=\"more\"><a href=\"\/de\/branze\/elektronika\/\">Mehr lesen<\/a><\/div>\n<\/div>\n<\/div>\n<div class=\"branza\">\n<div class=\"pic\"><img decoding=\"async\" src=\"\/wp-content\/uploads\/2023\/10\/e-stores-icon-zabawki.jpg\" alt=\"Zabawki i artyku\u0142y dzieci\u0119ce\" \/><\/div>\n<div class=\"text\">\n<h2>Spielzeug und Kinderartikel<\/h2>\n<p>Wenn Sie einen Online-Shop f\u00fcr Spielzeug und Kinderartikel betreiben, der sich schnell entwickelt, nutzen Sie unsere Lager- und Logistikdienstleistungen. In unserem Unternehmen bieten wir nicht nur eine flexible Anpassung an Ihre Bed\u00fcrfnisse, sondern auch die M\u00f6glichkeit, zuk\u00fcnftige \u00c4nderungen in unserer Zusammenarbeit problemlos vorzunehmen.<\/p>\n<div class=\"more\"><a href=\"\/de\/branze\/zabawki\/\">Mehr lesen<\/a><\/div>\n<\/div>\n<\/div>\n<div class=\"branza\">\n<div class=\"pic\"><img decoding=\"async\" src=\"\/wp-content\/uploads\/2023\/10\/e-stores-icon-ksiazki.jpg\" alt=\"Ksi\u0105\u017cki i materia\u0142y dla drukarni\" \/><\/div>\n<div class=\"text\">\n<h2>B\u00fccher und Druckmaterialien<\/h2>\n<p>Durch die Nutzung unserer Lager- und Logistikdienstleistungen f\u00fcr Online-Buchhandlungen, Druckereien oder Verlage k\u00f6nnen Sie erheblich Kosten sparen. In unserem Unternehmen bieten wir Einrichtungen mit idealen Bedingungen f\u00fcr die Lagerung von B\u00fcchern, Papier und verschiedenen Verpackungen, und alle Produkte werden sorgf\u00e4ltig verpackt. Wir k\u00fcmmern uns auch um die effiziente Abwicklung von kleinen und sehr gro\u00dfen Bestellungen.<\/p>\n<div class=\"more\"><a href=\"\/de\/branze\/ksiazki\/\">Mehr lesen<\/a><\/div>\n<\/div>\n<\/div>\n<div class=\"branza_none\">\n<div class=\"text\">\n<h3>Ihre Branche nicht gefunden?<\/h3>\n<p style=\"text-align:center;\">Verkaufen Sie Tierbedarf? Oder haben Sie Schwierigkeiten mit dem Versand von Werkzeugen oder f\u00fchren Sie einen Sportzubeh\u00f6r-Shop? Unsere Lagerh\u00e4user, Infrastruktur und Ausr\u00fcstung sind auf nahezu jede Branche ausgerichtet.<\/p>\n<p><a href=\"\/de\/kontakt\/\">Kontaktieren Sie uns<\/a><\/p>\n<\/div>\n<\/div>\n<p><\/p>","protected":false},"excerpt":{"rendered":"<p>Nahrungserg\u00e4nzungsmittel und Lebensmittel Die Lagerung von Nahrungserg\u00e4nzungsmitteln und Lebensmitteln erfordert oft die Anpassung der Lagerbedingungen, wie Luftfeuchtigkeit und Temperatur. In unseren Einrichtungen bieten wir nicht nur umfassende Auftragsabwicklung, sondern passen auch die anderen erforderlichen Aspekte f\u00fcr die ordnungsgem\u00e4\u00dfe Lagerung dieser Produkte an. Wir verwenden unser HACCP-System und stehen unter st\u00e4ndiger \u00dcberwachung durch das Gesundheitsamt (SANEPID). Mehr lesen Kosmetik Effektive Kosmetiklagerung erfordert die Erf\u00fcllung mehrerer wichtiger Bedingungen, wobei die Bereitstellung geeigneter klimatischer Bedingungen in Lagern nur eine davon ist. In unserem Unternehmen garantieren wir das Verpacken aller Produkte nach Ihren Bed\u00fcrfnissen und bieten umfassende Dienstleistungen zur Auftragsabwicklung. Wichtig ist auch, dass [&hellip;]<\/p>\n","protected":false},"author":2,"featured_media":453,"parent":0,"menu_order":0,"comment_status":"closed","ping_status":"closed","template":"","meta":{"_acf_changed":false,"footnotes":""},"class_list":["post-609","page","type-page","status-publish","has-post-thumbnail","hentry"],"acf":[],"_links":{"self":[{"href":"https:\/\/e-stores.pl\/de\/wp-json\/wp\/v2\/pages\/609","targetHints":{"allow":["GET"]}}],"collection":[{"href":"https:\/\/e-stores.pl\/de\/wp-json\/wp\/v2\/pages"}],"about":[{"href":"https:\/\/e-stores.pl\/de\/wp-json\/wp\/v2\/types\/page"}],"author":[{"embeddable":true,"href":"https:\/\/e-stores.pl\/de\/wp-json\/wp\/v2\/users\/2"}],"replies":[{"embeddable":true,"href":"https:\/\/e-stores.pl\/de\/wp-json\/wp\/v2\/comments?post=609"}],"version-history":[{"count":13,"href":"https:\/\/e-stores.pl\/de\/wp-json\/wp\/v2\/pages\/609\/revisions"}],"predecessor-version":[{"id":714,"href":"https:\/\/e-stores.pl\/de\/wp-json\/wp\/v2\/pages\/609\/revisions\/714"}],"wp:featuredmedia":[{"embeddable":true,"href":"https:\/\/e-stores.pl\/de\/wp-json\/wp\/v2\/media\/453"}],"wp:attachment":[{"href":"https:\/\/e-stores.pl\/de\/wp-json\/wp\/v2\/media?parent=609"}],"curies":[{"name":"wp","href":"https:\/\/api.w.org\/{rel}","templated":true}]}}