{"id":446,"date":"2023-03-13T14:55:14","date_gmt":"2023-03-13T13:55:14","guid":{"rendered":"https:\/\/e-stores.pl\/?page_id=446"},"modified":"2023-06-19T15:52:47","modified_gmt":"2023-06-19T13:52:47","slug":"fotografia-produktowa-dla-twojego-sklepu","status":"publish","type":"page","link":"https:\/\/e-stores.pl\/de\/fotografia-produktowa-dla-twojego-sklepu\/","title":{"rendered":"PRODUKTFOTOGRAFIE F\u00dcR IHR GESCH\u00c4FT"},"content":{"rendered":"<p align=\"left\">Heben Sie sich mit professioneller Produktfotografie von Ihren Mitbewerbern ab. Wir bieten sowohl Packshots als auch rotierende und 3D-Fotos an. Hochwertige Fotos von Produkten aller Art. Wir verwenden die neueste Technologie, um sicherzustellen, dass die von uns aufgenommenen Fotos den h\u00f6chsten Anspr\u00fcchen gen\u00fcgen.<\/p>\r\n\r\n<p>&nbsp;<\/p>\r\n<style>.wp-block-kadence-spacer.kt-block-spacer-_75bda4-0b .kt-block-spacer{height:60px;}.wp-block-kadence-spacer.kt-block-spacer-_75bda4-0b .kt-divider{border-top-width:1px;height:1px;border-top-color:#eee;width:100%;border-top-style:solid;}<\/style>\r\n<div class=\"wp-block-kadence-spacer aligncenter kt-block-spacer-_75bda4-0b\">\r\n<div class=\"kt-block-spacer kt-block-spacer-halign-center\"><hr class=\"kt-divider\" \/><\/div>\r\n<\/div>\r\n\r\n<p>&nbsp;<\/p>\r\n<style>#kt-layout-id_e885f6-94 > .kt-row-column-wrap{align-content:start;}:where(#kt-layout-id_e885f6-94 > .kt-row-column-wrap) > .wp-block-kadence-column{justify-content:start;}#kt-layout-id_e885f6-94 > .kt-row-column-wrap{column-gap:var(--global-kb-gap-md, 2rem);row-gap:var(--global-kb-gap-md, 2rem);padding-top:var( --global-kb-row-default-top, 25px );padding-bottom:var( --global-kb-row-default-bottom, 25px );padding-top:var(--global-kb-spacing-sm, 1.5rem);padding-bottom:var(--global-kb-spacing-sm, 1.5rem);grid-template-columns:repeat(2, minmax(0, 1fr));}#kt-layout-id_e885f6-94 > .kt-row-layout-overlay{opacity:0.30;}@media all and (max-width: 1024px){#kt-layout-id_e885f6-94 > .kt-row-column-wrap{grid-template-columns:repeat(2, minmax(0, 1fr));}}@media all and (max-width: 767px){#kt-layout-id_e885f6-94 > .kt-row-column-wrap{grid-template-columns:minmax(0, 1fr);}}<\/style>\r\n<div class=\"wp-block-kadence-rowlayout alignnone\">\r\n<div id=\"kt-layout-id_e885f6-94\" class=\"kt-row-layout-inner kt-layout-id_e885f6-94\">\r\n<div class=\"kt-row-column-wrap kt-has-2-columns kt-gutter-default kt-v-gutter-default kt-row-valign-top kt-row-layout-equal kt-tab-layout-inherit kt-m-colapse-left-to-right kt-mobile-layout-row\"><style>.kadence-column_29ff3e-4a > .kt-inside-inner-col{border-top-width:0px;border-right-width:0px;border-bottom-width:0px;border-left-width:0px;}.kadence-column_29ff3e-4a > .kt-inside-inner-col,.kadence-column_29ff3e-4a > .kt-inside-inner-col:before{border-top-left-radius:0px;border-top-right-radius:0px;border-bottom-right-radius:0px;border-bottom-left-radius:0px;}.kadence-column_29ff3e-4a > .kt-inside-inner-col{column-gap:var(--global-kb-gap-sm, 1rem);}.kadence-column_29ff3e-4a > .kt-inside-inner-col{flex-direction:column;}.kadence-column_29ff3e-4a > .kt-inside-inner-col > .aligncenter{width:100%;}.kadence-column_29ff3e-4a > .kt-inside-inner-col:before{opacity:0.3;}.kadence-column_29ff3e-4a{position:relative;}@media all and (max-width: 1024px){.kadence-column_29ff3e-4a > .kt-inside-inner-col{flex-direction:column;}}@media all and (max-width: 767px){.kadence-column_29ff3e-4a > .kt-inside-inner-col{flex-direction:column;}}<\/style>\r\n<div class=\"wp-block-kadence-column inner-column-1 kadence-column_29ff3e-4a\">\r\n<div class=\"kt-inside-inner-col\">\r\n<figure class=\"wp-block-image size-full\"><img loading=\"lazy\" decoding=\"async\" width=\"680\" height=\"504\" class=\"wp-image-449\" src=\"https:\/\/e-stores.pl\/wp-content\/uploads\/2023\/03\/foto2.jpg\" alt=\"e-stores\" \/><\/figure>\r\n<\/div>\r\n<\/div>\r\n\r\n\r\n<style>.kadence-column_cf385d-fe > .kt-inside-inner-col{border-top-width:0px;border-right-width:0px;border-bottom-width:0px;border-left-width:0px;}.kadence-column_cf385d-fe > .kt-inside-inner-col,.kadence-column_cf385d-fe > .kt-inside-inner-col:before{border-top-left-radius:0px;border-top-right-radius:0px;border-bottom-right-radius:0px;border-bottom-left-radius:0px;}.kadence-column_cf385d-fe > .kt-inside-inner-col{column-gap:var(--global-kb-gap-sm, 1rem);}.kadence-column_cf385d-fe > .kt-inside-inner-col{flex-direction:column;}.kadence-column_cf385d-fe > .kt-inside-inner-col > .aligncenter{width:100%;}.kadence-column_cf385d-fe > .kt-inside-inner-col:before{opacity:0.3;}.kadence-column_cf385d-fe{position:relative;}@media all and (max-width: 1024px){.kadence-column_cf385d-fe > .kt-inside-inner-col{flex-direction:column;}}@media all and (max-width: 767px){.kadence-column_cf385d-fe > .kt-inside-inner-col{flex-direction:column;}}<\/style>\r\n<div class=\"wp-block-kadence-column inner-column-2 kadence-column_cf385d-fe\">\r\n<div class=\"kt-inside-inner-col\">\r\n<p>Willkommen in unserem Fotostudio, das sich auf die Aufnahme von 3D-Bildern von Produkten f\u00fcr den E-Commerce-Verkauf spezialisiert. Unser Angebot umfasst komplexen Fotoservice, der die Vorbereitung des Produkts f\u00fcr die Fotografie, die Aufnahme von 3D-Bildern, die Retusche der Bilder und die Bereitstellung der fertigen Bilder in einem f\u00fcr den elektronischen Handel geeigneten Format beinhaltet.<\/p>\r\n<p>Unsere erfahrenen Fotografen und Grafikdesigner liefern hochwertige 3D-Bilder, die Ihr Produkt online hervorheben und die Aufmerksamkeit der Kunden auf sich ziehen. Wir verwenden modernste Werkzeuge und Technologien, um realistische und \u00e4sthetisch ansprechende Produktbilder zu erstellen, die Ihren Anforderungen voll und ganz entsprechen.<\/p>\r\n<p>Wir bieten wettbewerbsf\u00e4hige Preise und einen flexible Herangehensweise an jeden Kunden. Unsere Arbeit basiert auf individueller Herangehensweise an jedes Projekt, so dass wir in der Lage sind, unser Angebot an Ihre Bed\u00fcrfnisse und Ihr Budget anzupassen.<\/p>\r\n<p>Bitte z\u00f6gern Sie nicht, uns zu kontaktieren, um die Details zu besprechen und mehr Informationen \u00fcber unsere Dienstleistungen zu erhalten.<\/p>\r\n<\/div>\r\n<\/div>\r\n<\/div>\r\n<\/div>\r\n<\/div>","protected":false},"excerpt":{"rendered":"<p>Heben Sie sich mit professioneller Produktfotografie von Ihren Mitbewerbern ab. Wir bieten sowohl Packshots als auch rotierende und 3D-Fotos an. Hochwertige Fotos von Produkten aller Art. Wir verwenden die neueste Technologie, um sicherzustellen, dass die von uns aufgenommenen Fotos den h\u00f6chsten Anspr\u00fcchen gen\u00fcgen. &nbsp; &nbsp; Willkommen in unserem Fotostudio, das sich auf die Aufnahme von 3D-Bildern von Produkten f\u00fcr den E-Commerce-Verkauf spezialisiert. Unser Angebot umfasst komplexen Fotoservice, der die Vorbereitung des Produkts f\u00fcr die Fotografie, die Aufnahme von 3D-Bildern, die Retusche der Bilder und die Bereitstellung der fertigen Bilder in einem f\u00fcr den elektronischen Handel geeigneten Format beinhaltet. Unsere erfahrenen [&hellip;]<\/p>\n","protected":false},"author":1,"featured_media":452,"parent":0,"menu_order":0,"comment_status":"closed","ping_status":"closed","template":"","meta":{"_acf_changed":false,"footnotes":""},"class_list":["post-446","page","type-page","status-publish","has-post-thumbnail","hentry"],"acf":[],"_links":{"self":[{"href":"https:\/\/e-stores.pl\/de\/wp-json\/wp\/v2\/pages\/446","targetHints":{"allow":["GET"]}}],"collection":[{"href":"https:\/\/e-stores.pl\/de\/wp-json\/wp\/v2\/pages"}],"about":[{"href":"https:\/\/e-stores.pl\/de\/wp-json\/wp\/v2\/types\/page"}],"author":[{"embeddable":true,"href":"https:\/\/e-stores.pl\/de\/wp-json\/wp\/v2\/users\/1"}],"replies":[{"embeddable":true,"href":"https:\/\/e-stores.pl\/de\/wp-json\/wp\/v2\/comments?post=446"}],"version-history":[{"count":7,"href":"https:\/\/e-stores.pl\/de\/wp-json\/wp\/v2\/pages\/446\/revisions"}],"predecessor-version":[{"id":550,"href":"https:\/\/e-stores.pl\/de\/wp-json\/wp\/v2\/pages\/446\/revisions\/550"}],"wp:featuredmedia":[{"embeddable":true,"href":"https:\/\/e-stores.pl\/de\/wp-json\/wp\/v2\/media\/452"}],"wp:attachment":[{"href":"https:\/\/e-stores.pl\/de\/wp-json\/wp\/v2\/media?parent=446"}],"curies":[{"name":"wp","href":"https:\/\/api.w.org\/{rel}","templated":true}]}}