{"id":434,"date":"2023-03-13T14:48:26","date_gmt":"2023-03-13T13:48:26","guid":{"rendered":"https:\/\/e-stores.pl\/?page_id=434"},"modified":"2023-06-19T16:33:40","modified_gmt":"2023-06-19T14:33:40","slug":"amazon-fba-prep","status":"publish","type":"page","link":"https:\/\/e-stores.pl\/de\/oferta\/amazon-fba-prep\/","title":{"rendered":"Amazon FBA PREP"},"content":{"rendered":"<p>Nutzen Sie die Dienste unseres Unternehmens, das sich auf den Amazon FBA PREP-Service spezialisiert hat. Unser Angebot umfasst komplexe Vorbereitung der Produkte f\u00fcr den Versand an die Amazon FBA-Verteilzentren, so dass Ihre Produkte schnell und einfach auf den Markt gebracht werden k\u00f6nnen.<\/p>\r\n\r\n<p>&nbsp;<\/p>\r\n<style>.wp-block-kadence-spacer.kt-block-spacer-_75bda4-0b .kt-block-spacer{height:60px;}.wp-block-kadence-spacer.kt-block-spacer-_75bda4-0b .kt-divider{border-top-width:1px;height:1px;border-top-color:#eee;width:100%;border-top-style:solid;}<\/style>\r\n<div class=\"wp-block-kadence-spacer aligncenter kt-block-spacer-_75bda4-0b\">\r\n<div class=\"kt-block-spacer kt-block-spacer-halign-center\"><hr class=\"kt-divider\" \/><\/div>\r\n<\/div>\r\n\r\n<p>&nbsp;<\/p>\r\n<style>#kt-layout-id_e885f6-94 > .kt-row-column-wrap{align-content:start;}:where(#kt-layout-id_e885f6-94 > .kt-row-column-wrap) > .wp-block-kadence-column{justify-content:start;}#kt-layout-id_e885f6-94 > .kt-row-column-wrap{column-gap:var(--global-kb-gap-md, 2rem);row-gap:var(--global-kb-gap-md, 2rem);padding-top:var( --global-kb-row-default-top, 25px );padding-bottom:var( --global-kb-row-default-bottom, 25px );padding-top:var(--global-kb-spacing-sm, 1.5rem);padding-bottom:var(--global-kb-spacing-sm, 1.5rem);grid-template-columns:repeat(2, minmax(0, 1fr));}#kt-layout-id_e885f6-94 > .kt-row-layout-overlay{opacity:0.30;}@media all and (max-width: 1024px){#kt-layout-id_e885f6-94 > .kt-row-column-wrap{grid-template-columns:repeat(2, minmax(0, 1fr));}}@media all and (max-width: 767px){#kt-layout-id_e885f6-94 > .kt-row-column-wrap{grid-template-columns:minmax(0, 1fr);}}<\/style>\r\n<div class=\"wp-block-kadence-rowlayout alignnone\">\r\n<div id=\"kt-layout-id_e885f6-94\" class=\"kt-row-layout-inner kt-layout-id_e885f6-94\">\r\n<div class=\"kt-row-column-wrap kt-has-2-columns kt-gutter-default kt-v-gutter-default kt-row-valign-top kt-row-layout-equal kt-tab-layout-inherit kt-m-colapse-left-to-right kt-mobile-layout-row\"><style>.kadence-column_29ff3e-4a > .kt-inside-inner-col{border-top-width:0px;border-right-width:0px;border-bottom-width:0px;border-left-width:0px;}.kadence-column_29ff3e-4a > .kt-inside-inner-col,.kadence-column_29ff3e-4a > .kt-inside-inner-col:before{border-top-left-radius:0px;border-top-right-radius:0px;border-bottom-right-radius:0px;border-bottom-left-radius:0px;}.kadence-column_29ff3e-4a > .kt-inside-inner-col{column-gap:var(--global-kb-gap-sm, 1rem);}.kadence-column_29ff3e-4a > .kt-inside-inner-col{flex-direction:column;}.kadence-column_29ff3e-4a > .kt-inside-inner-col > .aligncenter{width:100%;}.kadence-column_29ff3e-4a > .kt-inside-inner-col:before{opacity:0.3;}.kadence-column_29ff3e-4a{position:relative;}@media all and (max-width: 1024px){.kadence-column_29ff3e-4a > .kt-inside-inner-col{flex-direction:column;}}@media all and (max-width: 767px){.kadence-column_29ff3e-4a > .kt-inside-inner-col{flex-direction:column;}}<\/style>\r\n<div class=\"wp-block-kadence-column inner-column-1 kadence-column_29ff3e-4a\">\r\n<div class=\"kt-inside-inner-col\">\r\n<figure class=\"wp-block-image size-full\"><img loading=\"lazy\" decoding=\"async\" width=\"680\" height=\"504\" class=\"wp-image-454\" src=\"https:\/\/e-stores.pl\/wp-content\/uploads\/2023\/03\/amazon2.jpg\" alt=\"e-stores\" \/><\/figure>\r\n<\/div>\r\n<\/div>\r\n\r\n\r\n<style>.kadence-column_cf385d-fe > .kt-inside-inner-col{border-top-width:0px;border-right-width:0px;border-bottom-width:0px;border-left-width:0px;}.kadence-column_cf385d-fe > .kt-inside-inner-col,.kadence-column_cf385d-fe > .kt-inside-inner-col:before{border-top-left-radius:0px;border-top-right-radius:0px;border-bottom-right-radius:0px;border-bottom-left-radius:0px;}.kadence-column_cf385d-fe > .kt-inside-inner-col{column-gap:var(--global-kb-gap-sm, 1rem);}.kadence-column_cf385d-fe > .kt-inside-inner-col{flex-direction:column;}.kadence-column_cf385d-fe > .kt-inside-inner-col > .aligncenter{width:100%;}.kadence-column_cf385d-fe > .kt-inside-inner-col:before{opacity:0.3;}.kadence-column_cf385d-fe{position:relative;}@media all and (max-width: 1024px){.kadence-column_cf385d-fe > .kt-inside-inner-col{flex-direction:column;}}@media all and (max-width: 767px){.kadence-column_cf385d-fe > .kt-inside-inner-col{flex-direction:column;}}<\/style>\r\n<div class=\"wp-block-kadence-column inner-column-2 kadence-column_cf385d-fe\">\r\n<div class=\"kt-inside-inner-col\">\r\n<h2>Unser Unternehmen bietet unter anderem folgende Dienstleistungen an:<\/h2>\r\n<ul>\r\n<li>Produkt-Sortierung<\/li>\r\n<li>Produkt-Etikettierung<\/li>\r\n<li>Verpackung der Produkte gem\u00e4\u00df den Amazon FBA-Anforderungen<\/li>\r\n<li>Vorbereitung der Sendungen<\/li>\r\n<li>Sendungen an Amazon-Verteilzentren in ganz E<\/li>\r\n<\/ul>\r\n<p>Wir arbeiten in voller \u00dcbereinstimmung mit den Amazon FBA-Anforderungen, um sicherzustellen, dass Ihre Produkte die Qualit\u00e4ts- und Sicherheitsanforderungen erf\u00fcllen. Alle unsere Dienstleistungen werden von erfahrenen Mitarbeitern erbracht, die \u00fcber das Wissen und die F\u00e4higkeiten verf\u00fcgen, Ihnen den bestm\u00f6glichen Service zu bieten. Unser Unternehmen bietet au\u00dferdem wettbewerbsf\u00e4hige Preise und flexible Herangehensweise an jeden Kunden. Wir passen uns Ihren Bed\u00fcrfnissen und Vorlieben an, um einen Service zu bieten, der Ihren Anforderungen entspricht.<\/p>\r\n<p>Bitte kontaktieren Sie uns, um die Details zu besprechen und um weitere Informationen \u00fcber unsere Amazon FBA PREP Dienstleistungen zu erhalten. Wir sind bereit, Ihnen zu helfen, Ihre Produkte effizient und effektiv auf Amazon FBA einzuf\u00fchren.<\/p>\r\n<\/div>\r\n<\/div>\r\n<\/div>\r\n<\/div>\r\n<\/div>","protected":false},"excerpt":{"rendered":"<p>Nutzen Sie die Dienste unseres Unternehmens, das sich auf den Amazon FBA PREP-Service spezialisiert hat. Unser Angebot umfasst komplexe Vorbereitung der Produkte f\u00fcr den Versand an die Amazon FBA-Verteilzentren, so dass Ihre Produkte schnell und einfach auf den Markt gebracht werden k\u00f6nnen. &nbsp; &nbsp; Unser Unternehmen bietet unter anderem folgende Dienstleistungen an: Produkt-Sortierung Produkt-Etikettierung Verpackung der Produkte gem\u00e4\u00df den Amazon FBA-Anforderungen Vorbereitung der Sendungen Sendungen an Amazon-Verteilzentren in ganz E Wir arbeiten in voller \u00dcbereinstimmung mit den Amazon FBA-Anforderungen, um sicherzustellen, dass Ihre Produkte die Qualit\u00e4ts- und Sicherheitsanforderungen erf\u00fcllen. Alle unsere Dienstleistungen werden von erfahrenen Mitarbeitern erbracht, die \u00fcber das [&hellip;]<\/p>\n","protected":false},"author":1,"featured_media":453,"parent":108,"menu_order":0,"comment_status":"closed","ping_status":"closed","template":"","meta":{"_acf_changed":false,"footnotes":""},"class_list":["post-434","page","type-page","status-publish","has-post-thumbnail","hentry"],"acf":[],"_links":{"self":[{"href":"https:\/\/e-stores.pl\/de\/wp-json\/wp\/v2\/pages\/434","targetHints":{"allow":["GET"]}}],"collection":[{"href":"https:\/\/e-stores.pl\/de\/wp-json\/wp\/v2\/pages"}],"about":[{"href":"https:\/\/e-stores.pl\/de\/wp-json\/wp\/v2\/types\/page"}],"author":[{"embeddable":true,"href":"https:\/\/e-stores.pl\/de\/wp-json\/wp\/v2\/users\/1"}],"replies":[{"embeddable":true,"href":"https:\/\/e-stores.pl\/de\/wp-json\/wp\/v2\/comments?post=434"}],"version-history":[{"count":6,"href":"https:\/\/e-stores.pl\/de\/wp-json\/wp\/v2\/pages\/434\/revisions"}],"predecessor-version":[{"id":549,"href":"https:\/\/e-stores.pl\/de\/wp-json\/wp\/v2\/pages\/434\/revisions\/549"}],"up":[{"embeddable":true,"href":"https:\/\/e-stores.pl\/de\/wp-json\/wp\/v2\/pages\/108"}],"wp:featuredmedia":[{"embeddable":true,"href":"https:\/\/e-stores.pl\/de\/wp-json\/wp\/v2\/media\/453"}],"wp:attachment":[{"href":"https:\/\/e-stores.pl\/de\/wp-json\/wp\/v2\/media?parent=434"}],"curies":[{"name":"wp","href":"https:\/\/api.w.org\/{rel}","templated":true}]}}