{"id":180,"date":"2023-01-04T18:04:45","date_gmt":"2023-01-04T17:04:45","guid":{"rendered":"https:\/\/e-stores.pl\/?page_id=180"},"modified":"2023-10-12T12:08:34","modified_gmt":"2023-10-12T10:08:34","slug":"powierzchnie-magazynowe","status":"publish","type":"page","link":"https:\/\/e-stores.pl\/de\/oferta\/powierzchnie-magazynowe\/","title":{"rendered":"LAGERFL\u00c4CHEN"},"content":{"rendered":"<p>&nbsp;<\/p>\r\n<style>#kt-layout-id_e885f6-94 > .kt-row-column-wrap{align-content:start;}:where(#kt-layout-id_e885f6-94 > .kt-row-column-wrap) > .wp-block-kadence-column{justify-content:start;}#kt-layout-id_e885f6-94 > .kt-row-column-wrap{column-gap:var(--global-kb-gap-md, 2rem);row-gap:var(--global-kb-gap-md, 2rem);padding-top:var( --global-kb-row-default-top, 25px );padding-bottom:var( --global-kb-row-default-bottom, 25px );padding-top:23px;grid-template-columns:repeat(2, minmax(0, 1fr));}#kt-layout-id_e885f6-94 > .kt-row-layout-overlay{opacity:0.30;}@media all and (max-width: 1024px){#kt-layout-id_e885f6-94 > .kt-row-column-wrap{grid-template-columns:repeat(2, minmax(0, 1fr));}}@media all and (max-width: 767px){#kt-layout-id_e885f6-94 > .kt-row-column-wrap{grid-template-columns:minmax(0, 1fr);}}<\/style>\r\n<div class=\"wp-block-kadence-rowlayout alignnone\">\r\n<div id=\"kt-layout-id_e885f6-94\" class=\"kt-row-layout-inner kt-layout-id_e885f6-94\">\r\n<div class=\"kt-row-column-wrap kt-has-2-columns kt-gutter-default kt-v-gutter-default kt-row-valign-top kt-row-layout-equal kt-tab-layout-inherit kt-m-colapse-left-to-right kt-mobile-layout-row\"><style>.kadence-column_29ff3e-4a > .kt-inside-inner-col{border-top-width:0px;border-right-width:0px;border-bottom-width:0px;border-left-width:0px;}.kadence-column_29ff3e-4a > .kt-inside-inner-col,.kadence-column_29ff3e-4a > .kt-inside-inner-col:before{border-top-left-radius:0px;border-top-right-radius:0px;border-bottom-right-radius:0px;border-bottom-left-radius:0px;}.kadence-column_29ff3e-4a > .kt-inside-inner-col{column-gap:var(--global-kb-gap-sm, 1rem);}.kadence-column_29ff3e-4a > .kt-inside-inner-col{flex-direction:column;}.kadence-column_29ff3e-4a > .kt-inside-inner-col > .aligncenter{width:100%;}.kadence-column_29ff3e-4a > .kt-inside-inner-col:before{opacity:0.3;}.kadence-column_29ff3e-4a{position:relative;}@media all and (max-width: 1024px){.kadence-column_29ff3e-4a > .kt-inside-inner-col{flex-direction:column;}}@media all and (max-width: 767px){.kadence-column_29ff3e-4a > .kt-inside-inner-col{flex-direction:column;}}<\/style>\r\n<div class=\"wp-block-kadence-column inner-column-1 kadence-column_29ff3e-4a\">\r\n<div class=\"kt-inside-inner-col\">\r\n<figure class=\"wp-block-image size-full\"><img loading=\"lazy\" decoding=\"async\" width=\"700\" height=\"520\" class=\"wp-image-398\" src=\"https:\/\/e-stores.pl\/wp-content\/uploads\/2023\/01\/magazyn.jpg\" alt=\"e-stores\" \/><\/figure>\r\n<\/div>\r\n<\/div>\r\n\r\n\r\n<style>.kadence-column_cf385d-fe > .kt-inside-inner-col{border-top-width:0px;border-right-width:0px;border-bottom-width:0px;border-left-width:0px;}.kadence-column_cf385d-fe > .kt-inside-inner-col,.kadence-column_cf385d-fe > .kt-inside-inner-col:before{border-top-left-radius:0px;border-top-right-radius:0px;border-bottom-right-radius:0px;border-bottom-left-radius:0px;}.kadence-column_cf385d-fe > .kt-inside-inner-col{column-gap:var(--global-kb-gap-sm, 1rem);}.kadence-column_cf385d-fe > .kt-inside-inner-col{flex-direction:column;}.kadence-column_cf385d-fe > .kt-inside-inner-col > .aligncenter{width:100%;}.kadence-column_cf385d-fe > .kt-inside-inner-col:before{opacity:0.3;}.kadence-column_cf385d-fe{position:relative;}@media all and (max-width: 1024px){.kadence-column_cf385d-fe > .kt-inside-inner-col{flex-direction:column;}}@media all and (max-width: 767px){.kadence-column_cf385d-fe > .kt-inside-inner-col{flex-direction:column;}}<\/style>\r\n<div class=\"wp-block-kadence-column inner-column-2 kadence-column_cf385d-fe\">\r\n<div class=\"kt-inside-inner-col\">\r\n<p>Die Firma e-Stores bietet Lagerfl\u00e4chen in Lagerzentren und Selfstorage-Einrichtungen in Stettin und Umgebung an. Die N\u00e4he zur deutschen Grenze und zu einem der gr\u00f6\u00dften Hafenkomplexe an der Ostsee ist ein gro\u00dfer Vorteil des Standorts. Das Gleiche gilt f\u00fcr die Unterzonen der drei hier t\u00e4tigen Sonderwirtschaftszonen: Pomeranian, Kostrzyn-S\u0142ubice und Euro-Park Mielec.<\/p>\r\n<p>&nbsp;<\/p>\r\n<p>Unsere Lagerfl\u00e4chen erf\u00fcllen die Erwartungen auch der anspruchsvollsten Kunden. Sowohl im Hinblick auf die Gew\u00e4hrleistung der Sicherheit der gelagerten G\u00fcter als auch auf die Anpassung des Lagers an die Bed\u00fcrfnisse des jeweiligen Mieters. Unabh\u00e4ngig davon, welche Art von Produkten er vermarktet und wie viel Platz er ben\u00f6tigt.<\/p>\r\n<p>&nbsp;<\/p>\r\n<p>Die von e-Stores angebotene Lagervermietung ist eine \u00e4u\u00dferst vorteilhafte Option f\u00fcr jedes Unternehmen, das keine oder zu wenig eigene Lagerfl\u00e4chen hat. Wir freuen uns auf Kontakt mit Ihnen und sagen Ihnen gerne mehr \u00fcber unser Angebot.<\/p>\r\n<p>&nbsp;<\/p>\r\n<\/div>\r\n<\/div>\r\n<\/div>\r\n<\/div>\r\n<\/div>","protected":false},"excerpt":{"rendered":"<p>&nbsp; Die Firma e-Stores bietet Lagerfl\u00e4chen in Lagerzentren und Selfstorage-Einrichtungen in Stettin und Umgebung an. Die N\u00e4he zur deutschen Grenze und zu einem der gr\u00f6\u00dften Hafenkomplexe an der Ostsee ist ein gro\u00dfer Vorteil des Standorts. Das Gleiche gilt f\u00fcr die Unterzonen der drei hier t\u00e4tigen Sonderwirtschaftszonen: Pomeranian, Kostrzyn-S\u0142ubice und Euro-Park Mielec. &nbsp; Unsere Lagerfl\u00e4chen erf\u00fcllen die Erwartungen auch der anspruchsvollsten Kunden. Sowohl im Hinblick auf die Gew\u00e4hrleistung der Sicherheit der gelagerten G\u00fcter als auch auf die Anpassung des Lagers an die Bed\u00fcrfnisse des jeweiligen Mieters. Unabh\u00e4ngig davon, welche Art von Produkten er vermarktet und wie viel Platz er ben\u00f6tigt. &nbsp; [&hellip;]<\/p>\n","protected":false},"author":1,"featured_media":122,"parent":108,"menu_order":0,"comment_status":"closed","ping_status":"closed","template":"","meta":{"_acf_changed":false,"footnotes":""},"class_list":["post-180","page","type-page","status-publish","has-post-thumbnail","hentry"],"acf":[],"_links":{"self":[{"href":"https:\/\/e-stores.pl\/de\/wp-json\/wp\/v2\/pages\/180","targetHints":{"allow":["GET"]}}],"collection":[{"href":"https:\/\/e-stores.pl\/de\/wp-json\/wp\/v2\/pages"}],"about":[{"href":"https:\/\/e-stores.pl\/de\/wp-json\/wp\/v2\/types\/page"}],"author":[{"embeddable":true,"href":"https:\/\/e-stores.pl\/de\/wp-json\/wp\/v2\/users\/1"}],"replies":[{"embeddable":true,"href":"https:\/\/e-stores.pl\/de\/wp-json\/wp\/v2\/comments?post=180"}],"version-history":[{"count":12,"href":"https:\/\/e-stores.pl\/de\/wp-json\/wp\/v2\/pages\/180\/revisions"}],"predecessor-version":[{"id":592,"href":"https:\/\/e-stores.pl\/de\/wp-json\/wp\/v2\/pages\/180\/revisions\/592"}],"up":[{"embeddable":true,"href":"https:\/\/e-stores.pl\/de\/wp-json\/wp\/v2\/pages\/108"}],"wp:featuredmedia":[{"embeddable":true,"href":"https:\/\/e-stores.pl\/de\/wp-json\/wp\/v2\/media\/122"}],"wp:attachment":[{"href":"https:\/\/e-stores.pl\/de\/wp-json\/wp\/v2\/media?parent=180"}],"curies":[{"name":"wp","href":"https:\/\/api.w.org\/{rel}","templated":true}]}}