{"id":115,"date":"2022-12-28T14:53:45","date_gmt":"2022-12-28T13:53:45","guid":{"rendered":"https:\/\/e-stores.pl\/?page_id=115"},"modified":"2025-01-18T20:46:43","modified_gmt":"2025-01-18T19:46:43","slug":"o-nas","status":"publish","type":"page","link":"https:\/\/e-stores.pl\/de\/o-nas\/","title":{"rendered":"\u00dcBER DIE FIRMA"},"content":{"rendered":"<style>.kb-row-layout-id115_b7d4e1-f7 > .kt-row-column-wrap{align-content:start;}:where(.kb-row-layout-id115_b7d4e1-f7 > .kt-row-column-wrap) > .wp-block-kadence-column{justify-content:start;}.kb-row-layout-id115_b7d4e1-f7 > .kt-row-column-wrap{column-gap:var(--global-kb-gap-md, 2rem);row-gap:var(--global-kb-gap-md, 2rem);padding-top:var(--global-kb-spacing-sm, 1.5rem);padding-bottom:var(--global-kb-spacing-sm, 1.5rem);grid-template-columns:repeat(2, minmax(0, 1fr));}.kb-row-layout-id115_b7d4e1-f7 > .kt-row-layout-overlay{opacity:0.30;}@media all and (max-width: 1024px){.kb-row-layout-id115_b7d4e1-f7 > .kt-row-column-wrap{grid-template-columns:repeat(2, minmax(0, 1fr));}}@media all and (max-width: 767px){.kb-row-layout-id115_b7d4e1-f7 > .kt-row-column-wrap{grid-template-columns:minmax(0, 1fr);}}<\/style><div class=\"kb-row-layout-wrap kb-row-layout-id115_b7d4e1-f7 alignnone wp-block-kadence-rowlayout\"><div class=\"kt-row-column-wrap kt-has-2-columns kt-row-layout-equal kt-tab-layout-inherit kt-mobile-layout-row kt-row-valign-top\">\n<style>.kadence-column115_78410e-8a > .kt-inside-inner-col,.kadence-column115_78410e-8a > .kt-inside-inner-col:before{border-top-left-radius:0px;border-top-right-radius:0px;border-bottom-right-radius:0px;border-bottom-left-radius:0px;}.kadence-column115_78410e-8a > .kt-inside-inner-col{column-gap:var(--global-kb-gap-sm, 1rem);}.kadence-column115_78410e-8a > .kt-inside-inner-col{flex-direction:column;}.kadence-column115_78410e-8a > .kt-inside-inner-col > .aligncenter{width:100%;}.kadence-column115_78410e-8a > .kt-inside-inner-col:before{opacity:0.3;}.kadence-column115_78410e-8a{position:relative;}@media all and (max-width: 1024px){.kadence-column115_78410e-8a > .kt-inside-inner-col{flex-direction:column;}}@media all and (max-width: 767px){.kadence-column115_78410e-8a > .kt-inside-inner-col{flex-direction:column;}}<\/style>\n<div class=\"wp-block-kadence-column kadence-column115_78410e-8a inner-column-1\"><div class=\"kt-inside-inner-col\">\n<p><strong>e-Stores Fulfillment<\/strong>\u00a0ist ein Expertenteam, das seit mehr als 15 Jahren im E-Commerce t\u00e4tig ist. Wir bieten kompletten Logistikservice f\u00fcr Unternehmen: Wareneingang, Lagerung, Kommissionierung und Verpackung, Versand und Retourenabwicklung. Wir fokussieren uns auf dem E-Commerce-Kanal, wir betreuen aber auch Einzelhandels- und Produktionsunternehmen, die nicht in der Online-Branche t\u00e4tig sind. Unser flexibler Ansatz, umfassendes logistisches Know-how und Verf\u00fcgbarkeit einer Vielzahl von L\u00f6sungen und Instrumenten erm\u00f6glichen uns jede Aufgabe zu bew\u00e4ltigen.<\/p>\n<p>\u00a0<\/p>\n<p>Wir haben eine Vielzahl von Lagerfl\u00e4chen, die wir problemlos an die Anforderungen jedes Kunden anpassen k\u00f6nnen. Wir leisten unsere Lagerungsdienste entweder auf der gemieteten Fl\u00e4che oder \u00fcberlassen die Fl\u00e4che unseren Kunden zur vollen Nutzung.<\/p>\n<p>\u00a0<\/p>\n<p>\u00a0<\/p>\n<p>\u00a0<\/p>\n<\/div><\/div>\n\n\n<style>.kadence-column115_7f3261-b3 > .kt-inside-inner-col,.kadence-column115_7f3261-b3 > .kt-inside-inner-col:before{border-top-left-radius:0px;border-top-right-radius:0px;border-bottom-right-radius:0px;border-bottom-left-radius:0px;}.kadence-column115_7f3261-b3 > .kt-inside-inner-col{column-gap:var(--global-kb-gap-sm, 1rem);}.kadence-column115_7f3261-b3 > .kt-inside-inner-col{flex-direction:column;}.kadence-column115_7f3261-b3 > .kt-inside-inner-col > .aligncenter{width:100%;}.kadence-column115_7f3261-b3 > .kt-inside-inner-col:before{opacity:0.3;}.kadence-column115_7f3261-b3{position:relative;}@media all and (max-width: 1024px){.kadence-column115_7f3261-b3 > .kt-inside-inner-col{flex-direction:column;}}@media all and (max-width: 767px){.kadence-column115_7f3261-b3 > .kt-inside-inner-col{flex-direction:column;}}<\/style>\n<div class=\"wp-block-kadence-column kadence-column115_7f3261-b3 inner-column-2\"><div class=\"kt-inside-inner-col\">\n<figure class=\"wp-block-image size-full\"><img loading=\"lazy\" decoding=\"async\" width=\"700\" height=\"554\" src=\"https:\/\/e-stores.pl\/wp-content\/uploads\/2022\/12\/onas2-min.jpg\" alt=\"logo favicon\" class=\"wp-image-131\"\/><\/figure>\n<\/div><\/div>\n\n<\/div><\/div>","protected":false},"excerpt":{"rendered":"<p>e-Stores Fulfillment\u00a0ist ein Expertenteam, das seit mehr als 15 Jahren im E-Commerce t\u00e4tig ist. Wir bieten kompletten Logistikservice f\u00fcr Unternehmen: Wareneingang, Lagerung, Kommissionierung und Verpackung, Versand und Retourenabwicklung. Wir fokussieren uns auf dem E-Commerce-Kanal, wir betreuen aber auch Einzelhandels- und Produktionsunternehmen, die nicht in der Online-Branche t\u00e4tig sind. Unser flexibler Ansatz, umfassendes logistisches Know-how und Verf\u00fcgbarkeit einer Vielzahl von L\u00f6sungen und Instrumenten erm\u00f6glichen uns jede Aufgabe zu bew\u00e4ltigen. \u00a0 Wir haben eine Vielzahl von Lagerfl\u00e4chen, die wir problemlos an die Anforderungen jedes Kunden anpassen k\u00f6nnen. Wir leisten unsere Lagerungsdienste entweder auf der gemieteten Fl\u00e4che oder \u00fcberlassen die Fl\u00e4che unseren Kunden [&hellip;]<\/p>\n","protected":false},"author":1,"featured_media":127,"parent":0,"menu_order":0,"comment_status":"closed","ping_status":"closed","template":"","meta":{"_acf_changed":false,"footnotes":""},"class_list":["post-115","page","type-page","status-publish","has-post-thumbnail","hentry"],"acf":[],"_links":{"self":[{"href":"https:\/\/e-stores.pl\/de\/wp-json\/wp\/v2\/pages\/115","targetHints":{"allow":["GET"]}}],"collection":[{"href":"https:\/\/e-stores.pl\/de\/wp-json\/wp\/v2\/pages"}],"about":[{"href":"https:\/\/e-stores.pl\/de\/wp-json\/wp\/v2\/types\/page"}],"author":[{"embeddable":true,"href":"https:\/\/e-stores.pl\/de\/wp-json\/wp\/v2\/users\/1"}],"replies":[{"embeddable":true,"href":"https:\/\/e-stores.pl\/de\/wp-json\/wp\/v2\/comments?post=115"}],"version-history":[{"count":14,"href":"https:\/\/e-stores.pl\/de\/wp-json\/wp\/v2\/pages\/115\/revisions"}],"predecessor-version":[{"id":823,"href":"https:\/\/e-stores.pl\/de\/wp-json\/wp\/v2\/pages\/115\/revisions\/823"}],"wp:featuredmedia":[{"embeddable":true,"href":"https:\/\/e-stores.pl\/de\/wp-json\/wp\/v2\/media\/127"}],"wp:attachment":[{"href":"https:\/\/e-stores.pl\/de\/wp-json\/wp\/v2\/media?parent=115"}],"curies":[{"name":"wp","href":"https:\/\/api.w.org\/{rel}","templated":true}]}}