{"id":100,"date":"2022-12-28T13:35:51","date_gmt":"2022-12-28T12:35:51","guid":{"rendered":"https:\/\/e-stores.pl\/?page_id=100"},"modified":"2023-10-12T12:11:54","modified_gmt":"2023-10-12T10:11:54","slug":"magazynowanie","status":"publish","type":"page","link":"https:\/\/e-stores.pl\/de\/oferta\/magazynowanie\/","title":{"rendered":"LAGERUNG VON WAREN"},"content":{"rendered":"<p>Nicht jedes Unternehmen, das im Handel t\u00e4tig ist, unterh\u00e4lt ein eigenes\u00a0<strong>Lager<\/strong>. Heutzutage ist dies nicht mehr n\u00f6tig. F\u00fcr kleinere Unternehmen und Unternehmen, die sich in einer schnellen Wachstumsphase befinden, ist die Inanspruchnahme eines von einem spezialisierten Unternehmen angebotenen Lagerungsdienstes die beste Option. Schlie\u00dflich ist der Bau eines eigenen Lagers mit enormen Kosten verbunden, und auch die Instandhaltung einer solchen Anlage verursacht hohe Kosten.<\/p>\r\n<p>Bei der\u00a0<strong>Lagerung<\/strong>\u00a0geht es nicht nur um die Aufbewahrung von Waren f\u00fcr einen bestimmten Zeitraum. Dazu geh\u00f6ren auch T\u00e4tigkeiten wie das Be- und Entladen von Waren, das Verpacken und Umverpacken, das Palettieren und Etikettieren. Ein wichtiger Aspekt ist auch die Echtzeit-Berichterstattung \u00fcber die Menge und Qualit\u00e4t der Lagerbest\u00e4nde der Produkte. Auch andere logistische Dienstleistungen k\u00f6nnen je nach den Bed\u00fcrfnissen des jeweiligen Kunden und auf individueller Basis erbracht werden.<\/p>\r\n\r\n<p>&nbsp;<\/p>\r\n<style>.wp-block-kadence-spacer.kt-block-spacer-_75bda4-0b .kt-block-spacer{height:60px;}.wp-block-kadence-spacer.kt-block-spacer-_75bda4-0b .kt-divider{border-top-width:1px;height:1px;border-top-color:#eee;width:100%;border-top-style:solid;}<\/style>\r\n<div class=\"wp-block-kadence-spacer aligncenter kt-block-spacer-_75bda4-0b\">\r\n<div class=\"kt-block-spacer kt-block-spacer-halign-center\"><hr class=\"kt-divider\" \/><\/div>\r\n<\/div>\r\n\r\n<p>&nbsp;<\/p>\r\n<style>#kt-layout-id_e885f6-94 > .kt-row-column-wrap{align-content:start;}:where(#kt-layout-id_e885f6-94 > .kt-row-column-wrap) > .wp-block-kadence-column{justify-content:start;}#kt-layout-id_e885f6-94 > .kt-row-column-wrap{column-gap:var(--global-kb-gap-md, 2rem);row-gap:var(--global-kb-gap-md, 2rem);padding-top:var( --global-kb-row-default-top, 25px );padding-bottom:var( --global-kb-row-default-bottom, 25px );padding-top:var(--global-kb-spacing-sm, 1.5rem);padding-bottom:var(--global-kb-spacing-sm, 1.5rem);grid-template-columns:repeat(2, minmax(0, 1fr));}#kt-layout-id_e885f6-94 > .kt-row-layout-overlay{opacity:0.30;}@media all and (max-width: 1024px){#kt-layout-id_e885f6-94 > .kt-row-column-wrap{grid-template-columns:repeat(2, minmax(0, 1fr));}}@media all and (max-width: 767px){#kt-layout-id_e885f6-94 > .kt-row-column-wrap{grid-template-columns:minmax(0, 1fr);}}<\/style>\r\n<div class=\"wp-block-kadence-rowlayout alignnone\">\r\n<div id=\"kt-layout-id_e885f6-94\" class=\"kt-row-layout-inner kt-layout-id_e885f6-94\">\r\n<div class=\"kt-row-column-wrap kt-has-2-columns kt-gutter-default kt-v-gutter-default kt-row-valign-top kt-row-layout-equal kt-tab-layout-inherit kt-m-colapse-left-to-right kt-mobile-layout-row\"><style>.kadence-column_29ff3e-4a > .kt-inside-inner-col{border-top-width:0px;border-right-width:0px;border-bottom-width:0px;border-left-width:0px;}.kadence-column_29ff3e-4a > .kt-inside-inner-col,.kadence-column_29ff3e-4a > .kt-inside-inner-col:before{border-top-left-radius:0px;border-top-right-radius:0px;border-bottom-right-radius:0px;border-bottom-left-radius:0px;}.kadence-column_29ff3e-4a > .kt-inside-inner-col{column-gap:var(--global-kb-gap-sm, 1rem);}.kadence-column_29ff3e-4a > .kt-inside-inner-col{flex-direction:column;}.kadence-column_29ff3e-4a > .kt-inside-inner-col > .aligncenter{width:100%;}.kadence-column_29ff3e-4a > .kt-inside-inner-col:before{opacity:0.3;}.kadence-column_29ff3e-4a{position:relative;}@media all and (max-width: 1024px){.kadence-column_29ff3e-4a > .kt-inside-inner-col{flex-direction:column;}}@media all and (max-width: 767px){.kadence-column_29ff3e-4a > .kt-inside-inner-col{flex-direction:column;}}<\/style>\r\n<div class=\"wp-block-kadence-column inner-column-1 kadence-column_29ff3e-4a\">\r\n<div class=\"kt-inside-inner-col\">\r\n<figure class=\"wp-block-image size-full\"><img loading=\"lazy\" decoding=\"async\" width=\"680\" height=\"504\" class=\"wp-image-104\" src=\"https:\/\/e-stores.pl\/wp-content\/uploads\/2022\/12\/magazynowanie_1-min.jpg\" alt=\"obs\u0142uga logistyczna e-commerce\" \/><\/figure>\r\n\r\n\r\n\r\n<figure class=\"wp-block-image size-full\"><img loading=\"lazy\" decoding=\"async\" width=\"680\" height=\"504\" class=\"wp-image-106\" src=\"https:\/\/e-stores.pl\/wp-content\/uploads\/2022\/12\/magazynowanie_3-min.jpg\" alt=\"krajobraz\" \/><\/figure>\r\n<\/div>\r\n<\/div>\r\n\r\n\r\n<style>.kadence-column_cf385d-fe > .kt-inside-inner-col{border-top-width:0px;border-right-width:0px;border-bottom-width:0px;border-left-width:0px;}.kadence-column_cf385d-fe > .kt-inside-inner-col,.kadence-column_cf385d-fe > .kt-inside-inner-col:before{border-top-left-radius:0px;border-top-right-radius:0px;border-bottom-right-radius:0px;border-bottom-left-radius:0px;}.kadence-column_cf385d-fe > .kt-inside-inner-col{column-gap:var(--global-kb-gap-sm, 1rem);}.kadence-column_cf385d-fe > .kt-inside-inner-col{flex-direction:column;}.kadence-column_cf385d-fe > .kt-inside-inner-col > .aligncenter{width:100%;}.kadence-column_cf385d-fe > .kt-inside-inner-col:before{opacity:0.3;}.kadence-column_cf385d-fe{position:relative;}@media all and (max-width: 1024px){.kadence-column_cf385d-fe > .kt-inside-inner-col{flex-direction:column;}}@media all and (max-width: 767px){.kadence-column_cf385d-fe > .kt-inside-inner-col{flex-direction:column;}}<\/style>\r\n<div class=\"wp-block-kadence-column inner-column-2 kadence-column_cf385d-fe\">\r\n<div class=\"kt-inside-inner-col\">\r\n<h2>Welche Vorteile bietet die Nutzung eines Lagerungsdienstes?<\/h2>\r\n<p>&nbsp;<\/p>\r\n<p>Der Bau eines eigenen Lagers ist nicht nur teuer, sondern auch sehr zeitaufw\u00e4ndig. Wenn Sie unser Angebot in Anspruch nehmen, ist der Lagerplatz sofort verf\u00fcgbar. Au\u00dferdem ist es f\u00fcr einen festgelegten Zeitraum verf\u00fcgbar, man muss sich nicht \u00fcber Jahre hinweg an einen Vertrag binden. Der unmittelbare Zugang zum Lager erm\u00f6glicht dem Unternehmen ungehindertes Wachstum. Nichts wird die Unterzeichnung eines lukrativen Vertrags mit einem neuen Auftragnehmer verz\u00f6gern.<\/p>\r\n<p>Beim Lagerdienst zahlt der Kunde nur f\u00fcr das, was er braucht. Wenn Bedarf besteht, den Lagerplatz zu vergr\u00f6\u00dfern, kann es problemlos getan werden. Flexibilit\u00e4t ist einer der Schl\u00fcssel zum Erfolg auf dem heutigen Markt. Mangel an Flexibilit\u00e4t ist Hemmschuh f\u00fcr die Entwicklung.<\/p>\r\n<p>Die Nutzung der Dienstleistungen unseres auf Lagerlogistik spezialisierten Unternehmens ist Garantie f\u00fcr Professionalit\u00e4t und damit ordnungsgem\u00e4\u00dfe Sicherung der Waren. Lagerregale, Gabelstapler, Entladeverfahren \u2013 alles entspricht den h\u00f6chsten Standards, so dass die Kunden sich keine Sorgen um die uns anvertrauten Waren machen m\u00fcssen.<\/p>\r\n<p>G\u00fcnstig gelegene und auf die Art der G\u00fcter abgestimmte Lager sind ebenfalls von gro\u00dfer Bedeutung. Unser Unternehmen hat eine Vielzahl von Lagerstandorten, so dass wir die Anforderungen jedes Kunden erf\u00fcllen k\u00f6nnen \u2013 unabh\u00e4ngig davon, was und in welchen M\u00e4rkten er verkauft.<\/p>\r\n<p>Wichtig ist, dass wir die Integration unserer WMS-Software (Warehouse Management System) mit den Systemen unserer Kunden ausf\u00fchren. Verf\u00fcgt der betreffende Kunde \u00fcber kein System, so erh\u00e4lt er einen webbasierten Zugang zu unserem WMS. Auf diese Weise kann er jederzeit den Bestand seiner Waren \u00fcberpr\u00fcfen und verfolgen, was mit ihnen geschieht.<\/p>\r\n<p>&nbsp;<\/p>\r\n<h2>Unsere Lagerfl\u00e4chen<\/h2>\r\n<p>Wir haben hochmoderne Lagerfl\u00e4chen, die es uns erm\u00f6glichen, Unternehmen, die ein Lager suchen, einen umfassenden Service zu bieten. Wir bieten Lagerhallen mit unserem Logistikservice an oder vermieten nur die Lagerfl\u00e4che. Wir garantieren h\u00f6chstes Niveau des Services und attraktive Bedingungen der Zusammenarbeit f\u00fcr kleine und gro\u00dfe Unternehmen. Unser Angebot ist immer auf die individuellen Bed\u00fcrfnisse des Kunden zugeschnitten. Jeder, der an einem Lagerraum interessiert ist, kann sich gerne an uns wenden. Wir beantworten gerne alle Fragen.<\/p>\r\n<\/div>\r\n<\/div>\r\n<\/div>\r\n<\/div>\r\n<\/div>","protected":false},"excerpt":{"rendered":"<p>Nicht jedes Unternehmen, das im Handel t\u00e4tig ist, unterh\u00e4lt ein eigenes\u00a0Lager. Heutzutage ist dies nicht mehr n\u00f6tig. F\u00fcr kleinere Unternehmen und Unternehmen, die sich in einer schnellen Wachstumsphase befinden, ist die Inanspruchnahme eines von einem spezialisierten Unternehmen angebotenen Lagerungsdienstes die beste Option. Schlie\u00dflich ist der Bau eines eigenen Lagers mit enormen Kosten verbunden, und auch die Instandhaltung einer solchen Anlage verursacht hohe Kosten. Bei der\u00a0Lagerung\u00a0geht es nicht nur um die Aufbewahrung von Waren f\u00fcr einen bestimmten Zeitraum. Dazu geh\u00f6ren auch T\u00e4tigkeiten wie das Be- und Entladen von Waren, das Verpacken und Umverpacken, das Palettieren und Etikettieren. Ein wichtiger Aspekt ist [&hellip;]<\/p>\n","protected":false},"author":1,"featured_media":122,"parent":108,"menu_order":0,"comment_status":"closed","ping_status":"closed","template":"","meta":{"_acf_changed":false,"footnotes":""},"class_list":["post-100","page","type-page","status-publish","has-post-thumbnail","hentry"],"acf":[],"_links":{"self":[{"href":"https:\/\/e-stores.pl\/de\/wp-json\/wp\/v2\/pages\/100","targetHints":{"allow":["GET"]}}],"collection":[{"href":"https:\/\/e-stores.pl\/de\/wp-json\/wp\/v2\/pages"}],"about":[{"href":"https:\/\/e-stores.pl\/de\/wp-json\/wp\/v2\/types\/page"}],"author":[{"embeddable":true,"href":"https:\/\/e-stores.pl\/de\/wp-json\/wp\/v2\/users\/1"}],"replies":[{"embeddable":true,"href":"https:\/\/e-stores.pl\/de\/wp-json\/wp\/v2\/comments?post=100"}],"version-history":[{"count":12,"href":"https:\/\/e-stores.pl\/de\/wp-json\/wp\/v2\/pages\/100\/revisions"}],"predecessor-version":[{"id":591,"href":"https:\/\/e-stores.pl\/de\/wp-json\/wp\/v2\/pages\/100\/revisions\/591"}],"up":[{"embeddable":true,"href":"https:\/\/e-stores.pl\/de\/wp-json\/wp\/v2\/pages\/108"}],"wp:featuredmedia":[{"embeddable":true,"href":"https:\/\/e-stores.pl\/de\/wp-json\/wp\/v2\/media\/122"}],"wp:attachment":[{"href":"https:\/\/e-stores.pl\/de\/wp-json\/wp\/v2\/media?parent=100"}],"curies":[{"name":"wp","href":"https:\/\/api.w.org\/{rel}","templated":true}]}}